{"id":2128,"date":"2026-01-28T15:44:15","date_gmt":"2026-01-28T14:44:15","guid":{"rendered":"https:\/\/tookphoto.fr\/?page_id=2128"},"modified":"2026-01-28T15:44:15","modified_gmt":"2026-01-28T14:44:15","slug":"mentions-legale","status":"publish","type":"page","link":"https:\/\/tookphoto.fr\/?page_id=2128","title":{"rendered":"Mentions l\u00e9gale"},"content":{"rendered":"\t\t<div data-elementor-type=\"wp-page\" data-elementor-id=\"2128\" class=\"elementor elementor-2128\">\n\t\t\t\t<div class=\"elementor-element elementor-element-74e0a36 e-flex e-con-boxed e-con e-parent\" data-id=\"74e0a36\" data-element_type=\"container\" data-e-type=\"container\">\n\t\t\t\t\t<div class=\"e-con-inner\">\n\t\t\t\t<div class=\"elementor-element elementor-element-beb7885 elementor-widget elementor-widget-heading\" data-id=\"beb7885\" data-element_type=\"widget\" data-e-type=\"widget\" data-widget_type=\"heading.default\">\n\t\t\t\t\t<h2 class=\"elementor-heading-title elementor-size-default\">Mentions l\u00e9gal<\/h2>\t\t\t\t<\/div>\n\t\t\t\t\t<\/div>\n\t\t\t\t<\/div>\n\t\t<div class=\"elementor-element elementor-element-6076b17 e-flex e-con-boxed e-con e-parent\" data-id=\"6076b17\" data-element_type=\"container\" data-e-type=\"container\">\n\t\t\t\t\t<div class=\"e-con-inner\">\n\t\t<div class=\"elementor-element elementor-element-e38e577 e-con-full e-flex e-con e-child\" data-id=\"e38e577\" data-element_type=\"container\" data-e-type=\"container\">\n\t\t\t\t<div class=\"elementor-element elementor-element-d2216bb elementor-widget elementor-widget-heading\" data-id=\"d2216bb\" data-element_type=\"widget\" data-e-type=\"widget\" data-widget_type=\"heading.default\">\n\t\t\t\t\t<h2 class=\"elementor-heading-title elementor-size-default\">A savoir<\/h2>\t\t\t\t<\/div>\n\t\t\t\t<div class=\"elementor-element elementor-element-9e945d7 e-n-tabs-mobile elementor-widget elementor-widget-n-tabs\" data-id=\"9e945d7\" data-element_type=\"widget\" data-e-type=\"widget\" data-settings=\"{&quot;horizontal_scroll&quot;:&quot;disable&quot;}\" data-widget_type=\"nested-tabs.default\">\n\t\t\t\t\t\t\t<div class=\"e-n-tabs\" data-widget-number=\"166282711\" aria-label=\"Onglets. Ouvrez des \u00e9l\u00e9ments avec Entrer ou Espace, fermez-les avec Echape et naviguez \u00e0 l&#039;aide des touches fl\u00e9ch\u00e9es.\">\n\t\t\t<div class=\"e-n-tabs-heading\" role=\"tablist\">\n\t\t\t\t\t<button id=\"e-n-tab-title-1662827111\" data-tab-title-id=\"e-n-tab-title-1662827111\" class=\"e-n-tab-title\" aria-selected=\"true\" data-tab-index=\"1\" role=\"tab\" tabindex=\"0\" aria-controls=\"e-n-tab-content-1662827111\" style=\"--n-tabs-title-order: 1;\">\n\t\t\t\t\t\t<span class=\"e-n-tab-title-text\">\n\t\t\t\tRGPD\t\t\t<\/span>\n\t\t<\/button>\n\t\t\t\t<button id=\"e-n-tab-title-1662827112\" data-tab-title-id=\"e-n-tab-title-1662827112\" class=\"e-n-tab-title\" aria-selected=\"false\" data-tab-index=\"2\" role=\"tab\" tabindex=\"-1\" aria-controls=\"e-n-tab-content-1662827112\" style=\"--n-tabs-title-order: 2;\">\n\t\t\t\t\t\t<span class=\"e-n-tab-title-text\">\n\t\t\t\tCGV\t\t\t<\/span>\n\t\t<\/button>\n\t\t\t\t<button id=\"e-n-tab-title-1662827113\" data-tab-title-id=\"e-n-tab-title-1662827113\" class=\"e-n-tab-title\" aria-selected=\"false\" data-tab-index=\"3\" role=\"tab\" tabindex=\"-1\" aria-controls=\"e-n-tab-content-1662827113\" style=\"--n-tabs-title-order: 3;\">\n\t\t\t\t\t\t<span class=\"e-n-tab-title-text\">\n\t\t\t\tDroit \u00e0 l'image\t\t\t<\/span>\n\t\t<\/button>\n\t\t\t\t\t<\/div>\n\t\t\t<div class=\"e-n-tabs-content\">\n\t\t\t\t<div id=\"e-n-tab-content-1662827111\" role=\"tabpanel\" aria-labelledby=\"e-n-tab-title-1662827111\" data-tab-index=\"1\" style=\"--n-tabs-title-order: 1;\" class=\"e-active elementor-element elementor-element-0b81c0c e-con-full e-flex e-con e-child\" data-id=\"0b81c0c\" data-element_type=\"container\" data-e-type=\"container\">\n\t\t\t\t<\/div>\n\t\t<div id=\"e-n-tab-content-1662827112\" role=\"tabpanel\" aria-labelledby=\"e-n-tab-title-1662827112\" data-tab-index=\"2\" style=\"--n-tabs-title-order: 2;\" class=\" elementor-element elementor-element-0821e30 e-con-full e-flex e-con e-child\" data-id=\"0821e30\" data-element_type=\"container\" data-e-type=\"container\">\n\t\t\t\t<\/div>\n\t\t<div id=\"e-n-tab-content-1662827113\" role=\"tabpanel\" aria-labelledby=\"e-n-tab-title-1662827113\" data-tab-index=\"3\" style=\"--n-tabs-title-order: 3;\" class=\" elementor-element elementor-element-6dbbef1 e-con-full e-flex e-con e-child\" data-id=\"6dbbef1\" data-element_type=\"container\" data-e-type=\"container\">\n\t\t\t\t<\/div>\n\t\t\t\t\t<\/div>\n\t\t<\/div>\n\t\t\t\t\t\t<\/div>\n\t\t\t\t<\/div>\n\t\t<div class=\"elementor-element elementor-element-aef5852 e-con-full e-flex e-con e-child\" data-id=\"aef5852\" data-element_type=\"container\" data-e-type=\"container\">\n\t\t\t\t<div class=\"elementor-element elementor-element-62f09d2 elementor-widget elementor-widget-heading\" data-id=\"62f09d2\" data-element_type=\"widget\" data-e-type=\"widget\" data-widget_type=\"heading.default\">\n\t\t\t\t\t<h2 class=\"elementor-heading-title elementor-size-default\">Formulaires <\/h2>\t\t\t\t<\/div>\n\t\t\t\t<div class=\"elementor-element elementor-element-b85c125 e-n-tabs-mobile elementor-widget elementor-widget-n-tabs\" data-id=\"b85c125\" data-element_type=\"widget\" data-e-type=\"widget\" data-settings=\"{&quot;horizontal_scroll&quot;:&quot;disable&quot;}\" data-widget_type=\"nested-tabs.default\">\n\t\t\t\t\t\t\t<div class=\"e-n-tabs\" data-widget-number=\"193315109\" aria-label=\"Onglets. Ouvrez des \u00e9l\u00e9ments avec Entrer ou Espace, fermez-les avec Echape et naviguez \u00e0 l&#039;aide des touches fl\u00e9ch\u00e9es.\">\n\t\t\t<div class=\"e-n-tabs-heading\" role=\"tablist\">\n\t\t\t\t\t<button id=\"e-n-tab-title-1933151091\" data-tab-title-id=\"e-n-tab-title-1933151091\" class=\"e-n-tab-title\" aria-selected=\"true\" data-tab-index=\"1\" role=\"tab\" tabindex=\"0\" aria-controls=\"e-n-tab-content-1933151091\" style=\"--n-tabs-title-order: 1;\">\n\t\t\t\t\t\t<span class=\"e-n-tab-title-text\">\n\t\t\t\tEnfants, Adolescent -18 ans\t\t\t<\/span>\n\t\t<\/button>\n\t\t\t\t<button id=\"e-n-tab-title-1933151092\" data-tab-title-id=\"e-n-tab-title-1933151092\" class=\"e-n-tab-title\" aria-selected=\"false\" data-tab-index=\"2\" role=\"tab\" tabindex=\"-1\" aria-controls=\"e-n-tab-content-1933151092\" style=\"--n-tabs-title-order: 2;\">\n\t\t\t\t\t\t<span class=\"e-n-tab-title-text\">\n\t\t\t\tMajeur ou licenci\u00e9\t\t\t<\/span>\n\t\t<\/button>\n\t\t\t\t<button id=\"e-n-tab-title-1933151093\" data-tab-title-id=\"e-n-tab-title-1933151093\" class=\"e-n-tab-title\" aria-selected=\"false\" data-tab-index=\"3\" role=\"tab\" tabindex=\"-1\" aria-controls=\"e-n-tab-content-1933151093\" style=\"--n-tabs-title-order: 3;\">\n\t\t\t\t\t\t<span class=\"e-n-tab-title-text\">\n\t\t\t\tOnglet n\u00b03\t\t\t<\/span>\n\t\t<\/button>\n\t\t\t\t\t<\/div>\n\t\t\t<div class=\"e-n-tabs-content\">\n\t\t\t\t<div id=\"e-n-tab-content-1933151091\" role=\"tabpanel\" aria-labelledby=\"e-n-tab-title-1933151091\" data-tab-index=\"1\" style=\"--n-tabs-title-order: 1;\" class=\"e-active elementor-element elementor-element-6316d9a e-con-full e-flex e-con e-child\" data-id=\"6316d9a\" data-element_type=\"container\" data-e-type=\"container\">\n\t\t\t\t<\/div>\n\t\t<div id=\"e-n-tab-content-1933151092\" role=\"tabpanel\" aria-labelledby=\"e-n-tab-title-1933151092\" data-tab-index=\"2\" style=\"--n-tabs-title-order: 2;\" class=\" elementor-element elementor-element-2f095b0 e-con-full e-flex e-con e-child\" data-id=\"2f095b0\" data-element_type=\"container\" data-e-type=\"container\">\n\t\t\t\t<\/div>\n\t\t<div id=\"e-n-tab-content-1933151093\" role=\"tabpanel\" aria-labelledby=\"e-n-tab-title-1933151093\" data-tab-index=\"3\" style=\"--n-tabs-title-order: 3;\" class=\" elementor-element elementor-element-df71621 e-con-full e-flex e-con e-child\" data-id=\"df71621\" data-element_type=\"container\" data-e-type=\"container\">\n\t\t\t\t<\/div>\n\t\t\t\t\t<\/div>\n\t\t<\/div>\n\t\t\t\t\t\t<\/div>\n\t\t\t\t<\/div>\n\t\t<div class=\"elementor-element elementor-element-422e2ce e-con-full e-flex e-con e-child\" data-id=\"422e2ce\" data-element_type=\"container\" data-e-type=\"container\">\n\t\t\t\t<\/div>\n\t\t<div class=\"elementor-element elementor-element-057add2 e-con-full e-flex e-con e-child\" data-id=\"057add2\" data-element_type=\"container\" data-e-type=\"container\">\n\t\t\t\t<\/div>\n\t\t\t\t\t<\/div>\n\t\t\t\t<\/div>\n\t\t\t\t<\/div>\n\t\t","protected":false},"excerpt":{"rendered":"<p>Ajoutez votre titre ici RGPD CGV Droit \u00e0 l&rsquo;image Formulaires Enfants, Adolescent -18 ans Majeur ou licenci\u00e9 Onglet n\u00b03<\/p>\n","protected":false},"author":1,"featured_media":0,"parent":0,"menu_order":0,"comment_status":"closed","ping_status":"closed","template":"","meta":{"footnotes":""},"class_list":["post-2128","page","type-page","status-publish","hentry"],"blocksy_meta":[],"yoast_head":"<!-- This site is optimized with the Yoast SEO plugin v27.2 - https:\/\/yoast.com\/product\/yoast-seo-wordpress\/ -->\n<title>Mentions l\u00e9gale - Took! Photo Studio Mobile<\/title>\n<meta name=\"robots\" content=\"index, follow, max-snippet:-1, max-image-preview:large, max-video-preview:-1\" \/>\n<link rel=\"canonical\" href=\"https:\/\/tookphoto.fr\/?page_id=2128\" \/>\n<meta property=\"og:locale\" content=\"fr_FR\" \/>\n<meta property=\"og:type\" content=\"article\" \/>\n<meta property=\"og:title\" content=\"Mentions l\u00e9gale - Took! Photo Studio Mobile\" \/>\n<meta property=\"og:description\" content=\"Ajoutez votre titre ici RGPD CGV Droit \u00e0 l&rsquo;image Formulaires Enfants, Adolescent -18 ans Majeur ou licenci\u00e9 Onglet n\u00b03\" \/>\n<meta property=\"og:url\" content=\"https:\/\/tookphoto.fr\/?page_id=2128\" \/>\n<meta property=\"og:site_name\" content=\"Took! Photo Studio Mobile\" \/>\n<meta name=\"twitter:card\" content=\"summary_large_image\" \/>\n<script type=\"application\/ld+json\" class=\"yoast-schema-graph\">{\"@context\":\"https:\/\/schema.org\",\"@graph\":[{\"@type\":\"WebPage\",\"@id\":\"https:\/\/tookphoto.fr\/?page_id=2128\",\"url\":\"https:\/\/tookphoto.fr\/?page_id=2128\",\"name\":\"Mentions l\u00e9gale - Took! Photo Studio Mobile\",\"isPartOf\":{\"@id\":\"https:\/\/tookphoto.fr\/#website\"},\"datePublished\":\"2026-01-28T14:44:15+00:00\",\"breadcrumb\":{\"@id\":\"https:\/\/tookphoto.fr\/?page_id=2128#breadcrumb\"},\"inLanguage\":\"fr-FR\",\"potentialAction\":[{\"@type\":\"ReadAction\",\"target\":[\"https:\/\/tookphoto.fr\/?page_id=2128\"]}]},{\"@type\":\"BreadcrumbList\",\"@id\":\"https:\/\/tookphoto.fr\/?page_id=2128#breadcrumb\",\"itemListElement\":[{\"@type\":\"ListItem\",\"position\":1,\"name\":\"Accueil\",\"item\":\"https:\/\/tookphoto.fr\/\"},{\"@type\":\"ListItem\",\"position\":2,\"name\":\"Mentions l\u00e9gale\"}]},{\"@type\":\"WebSite\",\"@id\":\"https:\/\/tookphoto.fr\/#website\",\"url\":\"https:\/\/tookphoto.fr\/\",\"name\":\"Took! Photo Studio Mobile\",\"description\":\"\",\"publisher\":{\"@id\":\"https:\/\/tookphoto.fr\/#organization\"},\"potentialAction\":[{\"@type\":\"SearchAction\",\"target\":{\"@type\":\"EntryPoint\",\"urlTemplate\":\"https:\/\/tookphoto.fr\/?s={search_term_string}\"},\"query-input\":{\"@type\":\"PropertyValueSpecification\",\"valueRequired\":true,\"valueName\":\"search_term_string\"}}],\"inLanguage\":\"fr-FR\"},{\"@type\":\"Organization\",\"@id\":\"https:\/\/tookphoto.fr\/#organization\",\"name\":\"Took! Photo Studio Mobile\",\"url\":\"https:\/\/tookphoto.fr\/\",\"logo\":{\"@type\":\"ImageObject\",\"inLanguage\":\"fr-FR\",\"@id\":\"https:\/\/tookphoto.fr\/#\/schema\/logo\/image\/\",\"url\":\"https:\/\/tookphoto.fr\/wp-content\/uploads\/2026\/02\/TOOK-logo-banniere-nr.png\",\"contentUrl\":\"https:\/\/tookphoto.fr\/wp-content\/uploads\/2026\/02\/TOOK-logo-banniere-nr.png\",\"width\":694,\"height\":338,\"caption\":\"Took! Photo Studio Mobile\"},\"image\":{\"@id\":\"https:\/\/tookphoto.fr\/#\/schema\/logo\/image\/\"}}]}<\/script>\n<!-- \/ Yoast SEO plugin. -->","yoast_head_json":{"title":"Mentions l\u00e9gale - Took! Photo Studio Mobile","robots":{"index":"index","follow":"follow","max-snippet":"max-snippet:-1","max-image-preview":"max-image-preview:large","max-video-preview":"max-video-preview:-1"},"canonical":"https:\/\/tookphoto.fr\/?page_id=2128","og_locale":"fr_FR","og_type":"article","og_title":"Mentions l\u00e9gale - Took! Photo Studio Mobile","og_description":"Ajoutez votre titre ici RGPD CGV Droit \u00e0 l&rsquo;image Formulaires Enfants, Adolescent -18 ans Majeur ou licenci\u00e9 Onglet n\u00b03","og_url":"https:\/\/tookphoto.fr\/?page_id=2128","og_site_name":"Took! Photo Studio Mobile","twitter_card":"summary_large_image","schema":{"@context":"https:\/\/schema.org","@graph":[{"@type":"WebPage","@id":"https:\/\/tookphoto.fr\/?page_id=2128","url":"https:\/\/tookphoto.fr\/?page_id=2128","name":"Mentions l\u00e9gale - Took! Photo Studio Mobile","isPartOf":{"@id":"https:\/\/tookphoto.fr\/#website"},"datePublished":"2026-01-28T14:44:15+00:00","breadcrumb":{"@id":"https:\/\/tookphoto.fr\/?page_id=2128#breadcrumb"},"inLanguage":"fr-FR","potentialAction":[{"@type":"ReadAction","target":["https:\/\/tookphoto.fr\/?page_id=2128"]}]},{"@type":"BreadcrumbList","@id":"https:\/\/tookphoto.fr\/?page_id=2128#breadcrumb","itemListElement":[{"@type":"ListItem","position":1,"name":"Accueil","item":"https:\/\/tookphoto.fr\/"},{"@type":"ListItem","position":2,"name":"Mentions l\u00e9gale"}]},{"@type":"WebSite","@id":"https:\/\/tookphoto.fr\/#website","url":"https:\/\/tookphoto.fr\/","name":"Took! Photo Studio Mobile","description":"","publisher":{"@id":"https:\/\/tookphoto.fr\/#organization"},"potentialAction":[{"@type":"SearchAction","target":{"@type":"EntryPoint","urlTemplate":"https:\/\/tookphoto.fr\/?s={search_term_string}"},"query-input":{"@type":"PropertyValueSpecification","valueRequired":true,"valueName":"search_term_string"}}],"inLanguage":"fr-FR"},{"@type":"Organization","@id":"https:\/\/tookphoto.fr\/#organization","name":"Took! Photo Studio Mobile","url":"https:\/\/tookphoto.fr\/","logo":{"@type":"ImageObject","inLanguage":"fr-FR","@id":"https:\/\/tookphoto.fr\/#\/schema\/logo\/image\/","url":"https:\/\/tookphoto.fr\/wp-content\/uploads\/2026\/02\/TOOK-logo-banniere-nr.png","contentUrl":"https:\/\/tookphoto.fr\/wp-content\/uploads\/2026\/02\/TOOK-logo-banniere-nr.png","width":694,"height":338,"caption":"Took! Photo Studio Mobile"},"image":{"@id":"https:\/\/tookphoto.fr\/#\/schema\/logo\/image\/"}}]}},"_links":{"self":[{"href":"https:\/\/tookphoto.fr\/index.php?rest_route=\/wp\/v2\/pages\/2128","targetHints":{"allow":["GET"]}}],"collection":[{"href":"https:\/\/tookphoto.fr\/index.php?rest_route=\/wp\/v2\/pages"}],"about":[{"href":"https:\/\/tookphoto.fr\/index.php?rest_route=\/wp\/v2\/types\/page"}],"author":[{"embeddable":true,"href":"https:\/\/tookphoto.fr\/index.php?rest_route=\/wp\/v2\/users\/1"}],"replies":[{"embeddable":true,"href":"https:\/\/tookphoto.fr\/index.php?rest_route=%2Fwp%2Fv2%2Fcomments&post=2128"}],"version-history":[{"count":1,"href":"https:\/\/tookphoto.fr\/index.php?rest_route=\/wp\/v2\/pages\/2128\/revisions"}],"predecessor-version":[{"id":2130,"href":"https:\/\/tookphoto.fr\/index.php?rest_route=\/wp\/v2\/pages\/2128\/revisions\/2130"}],"wp:attachment":[{"href":"https:\/\/tookphoto.fr\/index.php?rest_route=%2Fwp%2Fv2%2Fmedia&parent=2128"}],"curies":[{"name":"wp","href":"https:\/\/api.w.org\/{rel}","templated":true}]}}