{"id":1884,"date":"2026-01-19T10:40:58","date_gmt":"2026-01-19T09:40:58","guid":{"rendered":"https:\/\/tookphoto.fr\/?page_id=1884"},"modified":"2026-03-01T07:57:10","modified_gmt":"2026-03-01T06:57:10","slug":"photo-industielles-et-entreprises","status":"publish","type":"page","link":"https:\/\/tookphoto.fr\/?page_id=1884","title":{"rendered":"Photographie industrielle &#038; publicitaire"},"content":{"rendered":"\t\t<div data-elementor-type=\"wp-page\" data-elementor-id=\"1884\" class=\"elementor elementor-1884\">\n\t\t\t\t<div class=\"elementor-element elementor-element-a87df4f e-flex e-con-boxed e-con e-parent\" data-id=\"a87df4f\" data-element_type=\"container\" data-e-type=\"container\">\n\t\t\t\t\t<div class=\"e-con-inner\">\n\t\t<div class=\"elementor-element elementor-element-c1b1be3 e-con-full e-flex e-con e-child\" data-id=\"c1b1be3\" data-element_type=\"container\" data-e-type=\"container\" data-settings=\"{&quot;background_background&quot;:&quot;slideshow&quot;,&quot;background_slideshow_gallery&quot;:[{&quot;id&quot;:2024,&quot;url&quot;:&quot;https:\\\/\\\/tookphoto.fr\\\/wp-content\\\/uploads\\\/2026\\\/01\\\/3.jpg&quot;},{&quot;id&quot;:1714,&quot;url&quot;:&quot;https:\\\/\\\/tookphoto.fr\\\/wp-content\\\/uploads\\\/2026\\\/01\\\/DSC_2631-4.jpg&quot;},{&quot;id&quot;:2027,&quot;url&quot;:&quot;https:\\\/\\\/tookphoto.fr\\\/wp-content\\\/uploads\\\/2026\\\/01\\\/NIKON-Z-6_2-200.jpg&quot;},{&quot;id&quot;:1713,&quot;url&quot;:&quot;https:\\\/\\\/tookphoto.fr\\\/wp-content\\\/uploads\\\/2026\\\/01\\\/DSC_2599-5.jpg&quot;}],&quot;background_slideshow_loop&quot;:&quot;yes&quot;,&quot;background_slideshow_slide_duration&quot;:5000,&quot;background_slideshow_slide_transition&quot;:&quot;fade&quot;,&quot;background_slideshow_transition_duration&quot;:500}\">\n\t\t<div class=\"elementor-element elementor-element-ada7a87 e-con-full e-flex e-con e-child\" data-id=\"ada7a87\" data-element_type=\"container\" data-e-type=\"container\">\n\t\t\t\t<div class=\"elementor-element elementor-element-6fbeb10 elementor-widget elementor-widget-text-editor\" data-id=\"6fbeb10\" data-element_type=\"widget\" data-e-type=\"widget\" data-widget_type=\"text-editor.default\">\n\t\t\t\t\t\t\t\t\t<p>Bienvenue dans\u00a0<\/p>\t\t\t\t\t\t\t\t<\/div>\n\t\t\t\t<div class=\"elementor-element elementor-element-6013fbc elementor-widget elementor-widget-heading\" data-id=\"6013fbc\" data-element_type=\"widget\" data-e-type=\"widget\" data-widget_type=\"heading.default\">\n\t\t\t\t\t<h2 class=\"elementor-heading-title elementor-size-default\"> Studio Mobile<\/h2>\t\t\t\t<\/div>\n\t\t\t\t<div class=\"elementor-element elementor-element-ab34f1e elementor-widget elementor-widget-heading\" data-id=\"ab34f1e\" data-element_type=\"widget\" data-e-type=\"widget\" data-widget_type=\"heading.default\">\n\t\t\t\t\t<h2 class=\"elementor-heading-title elementor-size-default\">Photo d'entreprise  &amp; industrielle<\/h2>\t\t\t\t<\/div>\n\t\t\t\t<div class=\"elementor-element elementor-element-3c2330f elementor-widget elementor-widget-text-editor\" data-id=\"3c2330f\" data-element_type=\"widget\" data-e-type=\"widget\" data-widget_type=\"text-editor.default\">\n\t\t\t\t\t\t\t\t\t<h5 class=\"my-2 [&amp;+p]:mt-4 [&amp;_strong:has(+br)]:inline-block [&amp;_strong:has(+br)]:pb-2\"><em><span style=\"color: #ffffff;\">Votre studio photo qui vient \u00e0 vous.<\/span><br \/><\/em><\/h5><h6 class=\"my-2 [&amp;+p]:mt-4 [&amp;_strong:has(+br)]:inline-block [&amp;_strong:has(+br)]:pb-2\"><strong><span style=\"color: #ffffff;\"><em><span class=\"qwen-markdown-text\" data-spm-anchor-id=\"a2ty_o01.29997173.0.i4.18cf5171YLhM4p\">Reportage corporate, photos de chantier, produits, \u00e9quipes, communication<\/span><\/em><\/span><\/strong><\/h6>\t\t\t\t\t\t\t\t<\/div>\n\t\t\t\t<div class=\"elementor-element elementor-element-0c125b5 elementor-mobile-align-center elementor-widget elementor-widget-button\" data-id=\"0c125b5\" data-element_type=\"widget\" data-e-type=\"widget\" data-widget_type=\"button.default\">\n\t\t\t\t\t\t\t\t\t\t<a class=\"elementor-button elementor-button-link elementor-size-lg\" href=\"https:\/\/tookphoto.fr\/?page_id=1645\">\n\t\t\t\t\t\t<span class=\"elementor-button-content-wrapper\">\n\t\t\t\t\t\t\t\t\t<span class=\"elementor-button-text\">Demander un devis<\/span>\n\t\t\t\t\t<\/span>\n\t\t\t\t\t<\/a>\n\t\t\t\t\t\t\t\t<\/div>\n\t\t\t\t<\/div>\n\t\t\t\t<\/div>\n\t\t\t\t\t<\/div>\n\t\t\t\t<\/div>\n\t\t<div class=\"elementor-element elementor-element-f3e86a9 e-flex e-con-boxed e-con e-parent\" data-id=\"f3e86a9\" data-element_type=\"container\" data-e-type=\"container\">\n\t\t\t\t\t<div class=\"e-con-inner\">\n\t\t<div class=\"elementor-element elementor-element-e41b6e4 e-con-full e-flex e-con e-child\" data-id=\"e41b6e4\" data-element_type=\"container\" data-e-type=\"container\">\n\t\t\t\t<div class=\"elementor-element elementor-element-c8b0dfa elementor-widget elementor-widget-foogallery\" data-id=\"c8b0dfa\" data-element_type=\"widget\" data-e-type=\"widget\" data-widget_type=\"foogallery.default\">\n\t\t\t\t<div class=\"elementor-widget-container\">\n\t\t\t\t\t<style type=\"text\/css\">\n#foogallery-gallery-3387 .fg-image { width: 400px; }<\/style>\n\t\t\t<div class=\"foogallery foogallery-container foogallery-carousel foogallery-lightbox-foogallery fg-carousel fg-ready fg-light fg-loading-pulse fg-loaded-fade-in fg-hover-semi-zoomed fg-hover-fade fg-hover-circle-plus2\" id=\"foogallery-gallery-3387\" data-foogallery=\"{&quot;item&quot;:{&quot;showCaptionTitle&quot;:true,&quot;showCaptionDescription&quot;:true},&quot;lazy&quot;:true,&quot;template&quot;:{&quot;maxItems&quot;:5,&quot;scale&quot;:0.12,&quot;gutter&quot;:{&quot;min&quot;:-40,&quot;max&quot;:-20,&quot;unit&quot;:&quot;%&quot;},&quot;autoplay&quot;:{&quot;time&quot;:0,&quot;interaction&quot;:&quot;pause&quot;},&quot;centerOnClick&quot;:false}}\" data-foogallery-lightbox=\"{&quot;thumbs&quot;:&quot;bottom&quot;,&quot;thumbsCaptions&quot;:false,&quot;thumbsBestFit&quot;:false,&quot;thumbsSmall&quot;:false,&quot;thumbsCaptionsAlign&quot;:&quot;default&quot;,&quot;info&quot;:&quot;bottom&quot;,&quot;infoVisible&quot;:true,&quot;infoOverlay&quot;:true,&quot;infoAlign&quot;:&quot;default&quot;,&quot;transition&quot;:&quot;fade&quot;,&quot;hoverButtons&quot;:false,&quot;fitMedia&quot;:false,&quot;noScrollbars&quot;:true,&quot;preserveButtonSpace&quot;:true,&quot;buttons&quot;:{&quot;fullscreen&quot;:true,&quot;info&quot;:true,&quot;thumbs&quot;:false},&quot;video&quot;:{&quot;autoPlay&quot;:true}}\" style=\"--fg-title-line-clamp: 1; --fg-description-line-clamp: 2;\" >\n\t<button type=\"button\" class=\"fg-carousel-prev\" title=\"Previous\"><\/button>\n\t<div class=\"fg-carousel-inner\">\n\t\t<div class=\"fg-carousel-center\"><\/div>\n\t\t<div class=\"fg-item fg-type-image fg-idle\"><figure class=\"fg-item-inner\"><a href=\"https:\/\/tookphoto.fr\/wp-content\/uploads\/2026\/01\/crouwdfunding-3.jpg\" data-caption-title=\"graficzny.com.pl\" data-attachment-id=\"1807\" data-e-disable-page-transition=\"true\" data-type=\"image\" class=\"fg-thumb\"><span class=\"fg-image-wrap\"><img fetchpriority=\"high\" decoding=\"async\" title=\"graficzny.com.pl\" width=\"400\" height=\"300\" class=\"skip-lazy fg-image\" data-src-fg=\"https:\/\/tookphoto.fr\/wp-content\/uploads\/cache\/2026\/01\/crouwdfunding-3\/1115725234.jpg\" src=\"data:image\/svg+xml,%3Csvg%20xmlns%3D%22http%3A%2F%2Fwww.w3.org%2F2000%2Fsvg%22%20width%3D%22400%22%20height%3D%22300%22%20viewBox%3D%220%200%20400%20300%22%3E%3C%2Fsvg%3E\" loading=\"eager\"><\/span><span class=\"fg-image-overlay\"><\/span><\/a><figcaption class=\"fg-caption\"><div class=\"fg-caption-inner\"><div class=\"fg-caption-title\">graficzny.com.pl<\/div><\/div><\/figcaption><\/figure><div class=\"fg-loader\"><\/div><\/div><div class=\"fg-item fg-type-image fg-idle\"><figure class=\"fg-item-inner\"><a href=\"https:\/\/tookphoto.fr\/wp-content\/uploads\/2026\/01\/affiche-kud-3-scaled.jpg\" data-attachment-id=\"1804\" data-e-disable-page-transition=\"true\" data-type=\"image\" class=\"fg-thumb\"><span class=\"fg-image-wrap\"><img decoding=\"async\" width=\"400\" height=\"300\" class=\"skip-lazy fg-image\" data-src-fg=\"https:\/\/tookphoto.fr\/wp-content\/uploads\/cache\/2026\/01\/affiche-kud-3-scaled\/447596796.jpg\" src=\"data:image\/svg+xml,%3Csvg%20xmlns%3D%22http%3A%2F%2Fwww.w3.org%2F2000%2Fsvg%22%20width%3D%22400%22%20height%3D%22300%22%20viewBox%3D%220%200%20400%20300%22%3E%3C%2Fsvg%3E\" loading=\"eager\"><\/span><span class=\"fg-image-overlay\"><\/span><\/a><\/figure><div class=\"fg-loader\"><\/div><\/div><div class=\"fg-item fg-type-image fg-idle\"><figure class=\"fg-item-inner\"><a href=\"https:\/\/tookphoto.fr\/wp-content\/uploads\/2026\/01\/affiche-faravarana-3-scaled.jpg\" data-attachment-id=\"1803\" data-e-disable-page-transition=\"true\" data-type=\"image\" class=\"fg-thumb\"><span class=\"fg-image-wrap\"><img decoding=\"async\" width=\"400\" height=\"300\" class=\"skip-lazy fg-image\" data-src-fg=\"https:\/\/tookphoto.fr\/wp-content\/uploads\/cache\/2026\/01\/affiche-faravarana-3-scaled\/1565568988.jpg\" src=\"data:image\/svg+xml,%3Csvg%20xmlns%3D%22http%3A%2F%2Fwww.w3.org%2F2000%2Fsvg%22%20width%3D%22400%22%20height%3D%22300%22%20viewBox%3D%220%200%20400%20300%22%3E%3C%2Fsvg%3E\" loading=\"eager\"><\/span><span class=\"fg-image-overlay\"><\/span><\/a><\/figure><div class=\"fg-loader\"><\/div><\/div><div class=\"fg-item fg-type-image fg-idle\"><figure class=\"fg-item-inner\"><a href=\"https:\/\/tookphoto.fr\/wp-content\/uploads\/2026\/01\/enseigne-comptoir-3-scaled.jpg\" data-caption-title=\"urban outdoor white sign above the shop\" data-attachment-id=\"1808\" data-e-disable-page-transition=\"true\" data-type=\"image\" class=\"fg-thumb\"><span class=\"fg-image-wrap\"><img decoding=\"async\" title=\"urban outdoor white sign above the shop\" width=\"400\" height=\"300\" class=\"skip-lazy fg-image\" data-src-fg=\"https:\/\/tookphoto.fr\/wp-content\/uploads\/cache\/2026\/01\/enseigne-comptoir-3-scaled\/326749000.jpg\" src=\"data:image\/svg+xml,%3Csvg%20xmlns%3D%22http%3A%2F%2Fwww.w3.org%2F2000%2Fsvg%22%20width%3D%22400%22%20height%3D%22300%22%20viewBox%3D%220%200%20400%20300%22%3E%3C%2Fsvg%3E\" loading=\"eager\"><\/span><span class=\"fg-image-overlay\"><\/span><\/a><figcaption class=\"fg-caption\"><div class=\"fg-caption-inner\"><div class=\"fg-caption-title\">urban outdoor white sign above the shop<\/div><\/div><\/figcaption><\/figure><div class=\"fg-loader\"><\/div><\/div>\t<\/div>\n\t<div class=\"fg-carousel-bottom\"><\/div>\n\t<div class=\"fg-carousel-progress\"><\/div>\n\t<button type=\"button\" class=\"fg-carousel-next\" title=\"Suiv.\"><\/button>\n<\/div>\t\t\t\t<\/div>\n\t\t\t\t<\/div>\n\t\t\t\t<\/div>\n\t\t\t\t\t<\/div>\n\t\t\t\t<\/div>\n\t\t<div class=\"elementor-element elementor-element-4d6f8a0 e-con-full e-flex e-con e-parent\" data-id=\"4d6f8a0\" data-element_type=\"container\" data-e-type=\"container\">\n\t\t\t\t<div class=\"elementor-element elementor-element-3df9502 elementor-widget elementor-widget-text-editor\" data-id=\"3df9502\" data-element_type=\"widget\" data-e-type=\"widget\" data-widget_type=\"text-editor.default\">\n\t\t\t\t\t\t\t\t\t<h3 style=\"text-align: center;\" data-start=\"1323\" data-end=\"1378\">Photo<strong> d&rsquo;entreprises industrielles et structures locales<\/strong><\/h3>\n<h5 data-start=\"1379\" data-end=\"1436\">&nbsp;<\/h5>\n<h5 data-start=\"1379\" data-end=\"1436\">Valoriser votre savoir-faire, r\u00e9v\u00e9ler votre expertise<\/h5>\n<p>Votre entreprise m\u00e9rite des images \u00e0 la hauteur de son engagement.<br data-start=\"1504\" data-end=\"1507\">Vos \u00e9quipes, vos ateliers, vos produits, vos gestes m\u00e9tiers racontent une histoire de pr\u00e9cision, d\u2019innovation et de passion.<\/p>\n<h5>&nbsp;<span style=\"font-variant-ligatures: inherit; font-variant-caps: inherit;\">&nbsp;<\/span><\/h5>\n<h5 data-start=\"1743\" data-end=\"1770\">Mon accompagnement<\/h5>\n<ul data-start=\"1771\" data-end=\"2117\">\n<li data-start=\"1771\" data-end=\"1858\">\n<p data-start=\"1773\" data-end=\"1858\">Un <strong data-start=\"1776\" data-end=\"1798\">book professionnel<\/strong> mettant en valeur vos locaux, vos \u00e9quipes et vos produits<\/p>\n<\/li>\n<li data-start=\"1859\" data-end=\"1932\">\n<p data-start=\"1861\" data-end=\"1932\">Des <strong data-start=\"1865\" data-end=\"1907\">portraits dirigeants et collaborateurs<\/strong> naturels et impactants<\/p>\n<\/li>\n<li data-start=\"1933\" data-end=\"2026\">\n<p data-start=\"1935\" data-end=\"2026\">Des visuels pour votre <strong data-start=\"1958\" data-end=\"2024\">site web, r\u00e9seaux sociaux, brochures et supports publicitaires<\/strong><\/p>\n<\/li>\n<li data-start=\"2027\" data-end=\"2117\">\n<p data-start=\"2029\" data-end=\"2117\">Possibilit\u00e9 d\u2019un <strong data-start=\"2046\" data-end=\"2080\">pack image + mini vid\u00e9o courte<\/strong> pour renforcer votre communication<\/p>\n<\/li>\n<li data-start=\"2027\" data-end=\"2117\">\n<p data-start=\"2029\" data-end=\"2117\"><strong>Trombinoscope<\/strong> professionnel mettant en valeur&nbsp; vos employ\u00e9s \u00e0 afficher ou pour votre communication&nbsp;<\/p>\n<\/li>\n<\/ul>\n<p data-start=\"2119\" data-end=\"2271\">Je vous propose \u00e9galement des <strong data-start=\"2149\" data-end=\"2195\">contrats annuels avec 2 \u00e0 3 visites par an<\/strong> pour actualiser votre image et accompagner l\u2019\u00e9volution de votre entreprise.<\/p>\n<h5>&nbsp;<\/h5>\n<h5 style=\"text-align: center;\"><i>\u00a8Parce qu\u2019une entreprise qui investit dans son image investit dans sa cr\u00e9dibilit\u00e9.\u00a8<\/i><\/h5>\t\t\t\t\t\t\t\t<\/div>\n\t\t\t\t<\/div>\n\t\t\t\t<\/div>\n\t\t","protected":false},"excerpt":{"rendered":"<p>Bienvenue dans\u00a0 Studio Mobile Photo d&rsquo;entreprise &amp; industrielle Votre studio photo qui vient \u00e0 vous. Reportage corporate, photos de chantier, produits, \u00e9quipes, communication Demander un devis graficzny.com.pl urban outdoor white sign above the shop Photo d&rsquo;entreprises industrielles et structures locales &nbsp; Valoriser votre savoir-faire, r\u00e9v\u00e9ler votre expertise Votre entreprise m\u00e9rite des images \u00e0 la hauteur [&hellip;]<\/p>\n","protected":false},"author":1,"featured_media":0,"parent":0,"menu_order":0,"comment_status":"closed","ping_status":"closed","template":"","meta":{"footnotes":""},"class_list":["post-1884","page","type-page","status-publish","hentry"],"blocksy_meta":[],"yoast_head":"<!-- This site is optimized with the Yoast SEO plugin v27.2 - https:\/\/yoast.com\/product\/yoast-seo-wordpress\/ -->\n<title>Photographie industrielle &amp; publicitaire - Took! Photo Studio Mobile<\/title>\n<meta name=\"robots\" content=\"index, follow, max-snippet:-1, max-image-preview:large, max-video-preview:-1\" \/>\n<link rel=\"canonical\" href=\"https:\/\/tookphoto.fr\/?page_id=1884\" \/>\n<meta property=\"og:locale\" content=\"fr_FR\" \/>\n<meta property=\"og:type\" content=\"article\" \/>\n<meta property=\"og:title\" content=\"Photographie industrielle &amp; publicitaire - Took! Photo Studio Mobile\" \/>\n<meta property=\"og:description\" content=\"Bienvenue dans\u00a0 Studio Mobile Photo d&rsquo;entreprise &amp; industrielle Votre studio photo qui vient \u00e0 vous. Reportage corporate, photos de chantier, produits, \u00e9quipes, communication Demander un devis graficzny.com.pl urban outdoor white sign above the shop Photo d&rsquo;entreprises industrielles et structures locales &nbsp; Valoriser votre savoir-faire, r\u00e9v\u00e9ler votre expertise Votre entreprise m\u00e9rite des images \u00e0 la hauteur [&hellip;]\" \/>\n<meta property=\"og:url\" content=\"https:\/\/tookphoto.fr\/?page_id=1884\" \/>\n<meta property=\"og:site_name\" content=\"Took! Photo Studio Mobile\" \/>\n<meta property=\"article:modified_time\" content=\"2026-03-01T06:57:10+00:00\" \/>\n<meta name=\"twitter:card\" content=\"summary_large_image\" \/>\n<meta name=\"twitter:label1\" content=\"Dur\u00e9e de lecture estim\u00e9e\" \/>\n\t<meta name=\"twitter:data1\" content=\"1 minute\" \/>\n<script type=\"application\/ld+json\" class=\"yoast-schema-graph\">{\"@context\":\"https:\/\/schema.org\",\"@graph\":[{\"@type\":\"WebPage\",\"@id\":\"https:\/\/tookphoto.fr\/?page_id=1884\",\"url\":\"https:\/\/tookphoto.fr\/?page_id=1884\",\"name\":\"Photographie industrielle & publicitaire - Took! Photo Studio Mobile\",\"isPartOf\":{\"@id\":\"https:\/\/tookphoto.fr\/#website\"},\"datePublished\":\"2026-01-19T09:40:58+00:00\",\"dateModified\":\"2026-03-01T06:57:10+00:00\",\"breadcrumb\":{\"@id\":\"https:\/\/tookphoto.fr\/?page_id=1884#breadcrumb\"},\"inLanguage\":\"fr-FR\",\"potentialAction\":[{\"@type\":\"ReadAction\",\"target\":[\"https:\/\/tookphoto.fr\/?page_id=1884\"]}]},{\"@type\":\"BreadcrumbList\",\"@id\":\"https:\/\/tookphoto.fr\/?page_id=1884#breadcrumb\",\"itemListElement\":[{\"@type\":\"ListItem\",\"position\":1,\"name\":\"Accueil\",\"item\":\"https:\/\/tookphoto.fr\/\"},{\"@type\":\"ListItem\",\"position\":2,\"name\":\"Photographie industrielle &#038; publicitaire\"}]},{\"@type\":\"WebSite\",\"@id\":\"https:\/\/tookphoto.fr\/#website\",\"url\":\"https:\/\/tookphoto.fr\/\",\"name\":\"Took! Photo Studio Mobile\",\"description\":\"\",\"publisher\":{\"@id\":\"https:\/\/tookphoto.fr\/#organization\"},\"potentialAction\":[{\"@type\":\"SearchAction\",\"target\":{\"@type\":\"EntryPoint\",\"urlTemplate\":\"https:\/\/tookphoto.fr\/?s={search_term_string}\"},\"query-input\":{\"@type\":\"PropertyValueSpecification\",\"valueRequired\":true,\"valueName\":\"search_term_string\"}}],\"inLanguage\":\"fr-FR\"},{\"@type\":\"Organization\",\"@id\":\"https:\/\/tookphoto.fr\/#organization\",\"name\":\"Took! Photo Studio Mobile\",\"url\":\"https:\/\/tookphoto.fr\/\",\"logo\":{\"@type\":\"ImageObject\",\"inLanguage\":\"fr-FR\",\"@id\":\"https:\/\/tookphoto.fr\/#\/schema\/logo\/image\/\",\"url\":\"https:\/\/tookphoto.fr\/wp-content\/uploads\/2026\/02\/TOOK-logo-banniere-nr.png\",\"contentUrl\":\"https:\/\/tookphoto.fr\/wp-content\/uploads\/2026\/02\/TOOK-logo-banniere-nr.png\",\"width\":694,\"height\":338,\"caption\":\"Took! Photo Studio Mobile\"},\"image\":{\"@id\":\"https:\/\/tookphoto.fr\/#\/schema\/logo\/image\/\"}}]}<\/script>\n<!-- \/ Yoast SEO plugin. -->","yoast_head_json":{"title":"Photographie industrielle & publicitaire - Took! Photo Studio Mobile","robots":{"index":"index","follow":"follow","max-snippet":"max-snippet:-1","max-image-preview":"max-image-preview:large","max-video-preview":"max-video-preview:-1"},"canonical":"https:\/\/tookphoto.fr\/?page_id=1884","og_locale":"fr_FR","og_type":"article","og_title":"Photographie industrielle & publicitaire - Took! Photo Studio Mobile","og_description":"Bienvenue dans\u00a0 Studio Mobile Photo d&rsquo;entreprise &amp; industrielle Votre studio photo qui vient \u00e0 vous. Reportage corporate, photos de chantier, produits, \u00e9quipes, communication Demander un devis graficzny.com.pl urban outdoor white sign above the shop Photo d&rsquo;entreprises industrielles et structures locales &nbsp; Valoriser votre savoir-faire, r\u00e9v\u00e9ler votre expertise Votre entreprise m\u00e9rite des images \u00e0 la hauteur [&hellip;]","og_url":"https:\/\/tookphoto.fr\/?page_id=1884","og_site_name":"Took! Photo Studio Mobile","article_modified_time":"2026-03-01T06:57:10+00:00","twitter_card":"summary_large_image","twitter_misc":{"Dur\u00e9e de lecture estim\u00e9e":"1 minute"},"schema":{"@context":"https:\/\/schema.org","@graph":[{"@type":"WebPage","@id":"https:\/\/tookphoto.fr\/?page_id=1884","url":"https:\/\/tookphoto.fr\/?page_id=1884","name":"Photographie industrielle & publicitaire - Took! Photo Studio Mobile","isPartOf":{"@id":"https:\/\/tookphoto.fr\/#website"},"datePublished":"2026-01-19T09:40:58+00:00","dateModified":"2026-03-01T06:57:10+00:00","breadcrumb":{"@id":"https:\/\/tookphoto.fr\/?page_id=1884#breadcrumb"},"inLanguage":"fr-FR","potentialAction":[{"@type":"ReadAction","target":["https:\/\/tookphoto.fr\/?page_id=1884"]}]},{"@type":"BreadcrumbList","@id":"https:\/\/tookphoto.fr\/?page_id=1884#breadcrumb","itemListElement":[{"@type":"ListItem","position":1,"name":"Accueil","item":"https:\/\/tookphoto.fr\/"},{"@type":"ListItem","position":2,"name":"Photographie industrielle &#038; publicitaire"}]},{"@type":"WebSite","@id":"https:\/\/tookphoto.fr\/#website","url":"https:\/\/tookphoto.fr\/","name":"Took! Photo Studio Mobile","description":"","publisher":{"@id":"https:\/\/tookphoto.fr\/#organization"},"potentialAction":[{"@type":"SearchAction","target":{"@type":"EntryPoint","urlTemplate":"https:\/\/tookphoto.fr\/?s={search_term_string}"},"query-input":{"@type":"PropertyValueSpecification","valueRequired":true,"valueName":"search_term_string"}}],"inLanguage":"fr-FR"},{"@type":"Organization","@id":"https:\/\/tookphoto.fr\/#organization","name":"Took! Photo Studio Mobile","url":"https:\/\/tookphoto.fr\/","logo":{"@type":"ImageObject","inLanguage":"fr-FR","@id":"https:\/\/tookphoto.fr\/#\/schema\/logo\/image\/","url":"https:\/\/tookphoto.fr\/wp-content\/uploads\/2026\/02\/TOOK-logo-banniere-nr.png","contentUrl":"https:\/\/tookphoto.fr\/wp-content\/uploads\/2026\/02\/TOOK-logo-banniere-nr.png","width":694,"height":338,"caption":"Took! Photo Studio Mobile"},"image":{"@id":"https:\/\/tookphoto.fr\/#\/schema\/logo\/image\/"}}]}},"_links":{"self":[{"href":"https:\/\/tookphoto.fr\/index.php?rest_route=\/wp\/v2\/pages\/1884","targetHints":{"allow":["GET"]}}],"collection":[{"href":"https:\/\/tookphoto.fr\/index.php?rest_route=\/wp\/v2\/pages"}],"about":[{"href":"https:\/\/tookphoto.fr\/index.php?rest_route=\/wp\/v2\/types\/page"}],"author":[{"embeddable":true,"href":"https:\/\/tookphoto.fr\/index.php?rest_route=\/wp\/v2\/users\/1"}],"replies":[{"embeddable":true,"href":"https:\/\/tookphoto.fr\/index.php?rest_route=%2Fwp%2Fv2%2Fcomments&post=1884"}],"version-history":[{"count":39,"href":"https:\/\/tookphoto.fr\/index.php?rest_route=\/wp\/v2\/pages\/1884\/revisions"}],"predecessor-version":[{"id":3425,"href":"https:\/\/tookphoto.fr\/index.php?rest_route=\/wp\/v2\/pages\/1884\/revisions\/3425"}],"wp:attachment":[{"href":"https:\/\/tookphoto.fr\/index.php?rest_route=%2Fwp%2Fv2%2Fmedia&parent=1884"}],"curies":[{"name":"wp","href":"https:\/\/api.w.org\/{rel}","templated":true}]}}