{"id":1881,"date":"2026-01-19T10:40:58","date_gmt":"2026-01-19T09:40:58","guid":{"rendered":"https:\/\/tookphoto.fr\/?page_id=1881"},"modified":"2026-02-18T17:51:15","modified_gmt":"2026-02-18T16:51:15","slug":"prestations","status":"publish","type":"page","link":"https:\/\/tookphoto.fr\/?page_id=1881","title":{"rendered":"Prestations"},"content":{"rendered":"\t\t<div data-elementor-type=\"wp-page\" data-elementor-id=\"1881\" class=\"elementor elementor-1881\">\n\t\t\t\t<div class=\"elementor-element elementor-element-378c4d7 e-flex e-con-boxed e-con e-parent\" data-id=\"378c4d7\" data-element_type=\"container\" data-e-type=\"container\" data-settings=\"{&quot;background_background&quot;:&quot;gradient&quot;}\">\n\t\t\t\t\t<div class=\"e-con-inner\">\n\t\t<div class=\"elementor-element elementor-element-4522da0 e-con-full e-flex e-con e-child\" data-id=\"4522da0\" data-element_type=\"container\" data-e-type=\"container\">\n\t\t\t\t<div class=\"elementor-element elementor-element-320548a elementor-widget elementor-widget-link-in-bio\" data-id=\"320548a\" data-element_type=\"widget\" data-e-type=\"widget\" data-widget_type=\"link-in-bio.default\">\n\t\t\t\t<div class=\"elementor-widget-container\">\n\t\t\t\t\t\t\t<div class=\"e-link-in-bio e-link-in-bio\">\n\t\t\t<div class=\"e-link-in-bio__content\">\n\n\t\t\t\t\t\t<div class=\"e-link-in-bio__identity\">\n\t\t\t\t\t\t\t\t\t<div class=\"e-link-in-bio__identity-image e-link-in-bio__identity-image-cover\">\n\t\t\t\t\t\t\t<img fetchpriority=\"high\" decoding=\"async\" width=\"200\" height=\"300\" src=\"https:\/\/tookphoto.fr\/wp-content\/uploads\/2026\/02\/DSC_1015-200x300.jpg\" class=\"e-link-in-bio__identity-image-element\" alt=\"\" srcset=\"https:\/\/tookphoto.fr\/wp-content\/uploads\/2026\/02\/DSC_1015-200x300.jpg 200w, https:\/\/tookphoto.fr\/wp-content\/uploads\/2026\/02\/DSC_1015-683x1024.jpg 683w, https:\/\/tookphoto.fr\/wp-content\/uploads\/2026\/02\/DSC_1015-768x1152.jpg 768w, https:\/\/tookphoto.fr\/wp-content\/uploads\/2026\/02\/DSC_1015-1024x1536.jpg 1024w, https:\/\/tookphoto.fr\/wp-content\/uploads\/2026\/02\/DSC_1015-300x450.jpg 300w, https:\/\/tookphoto.fr\/wp-content\/uploads\/2026\/02\/DSC_1015-600x900.jpg 600w, https:\/\/tookphoto.fr\/wp-content\/uploads\/2026\/02\/DSC_1015.jpg 1365w\" sizes=\"(max-width: 200px) 100vw, 200px\" \/>\t\t\t\t\t\t\t\t\t\t\t\t\t<\/div>\n\t\t\t\t\t\t\t<\/div>\n\t\t\t\t\t<div class=\"e-link-in-bio__bio\">\n\t\t\t\t<h2 class=\"e-link-in-bio__heading\">Photographie sociale &amp; g\u00e9n\u00e9rationnelle<\/h2>\t\t\t\t<h3 class=\"e-link-in-bio__title\">Portrait, famille, couple, maternit\u00e9, naissance<\/h3>\t\t\t\t\t\t\t\t\t\t\t<\/div>\n\t\t\t\t\t<div class=\"e-link-in-bio__icons has-size-small\">\n\t\t\t\t\t\t\t<div class=\"e-link-in-bio__icon is-size-small\">\n\t\t\t\t\t<a href=\"https:\/\/www.instagram.com\/tookphotofr\/\" target=\"_blank\" rel=\"noopener \" aria-label=\"Instagram\" class=\"e-link-in-bio__icon-link\">\n\t\t\t\t\t\t<span class=\"e-link-in-bio__icon-svg\">\n\t\t\t\t\t\t\t<svg aria-hidden=\"true\" class=\"e-font-icon-svg e-fab-instagram\" viewBox=\"0 0 448 512\" xmlns=\"http:\/\/www.w3.org\/2000\/svg\"><path d=\"M224.1 141c-63.6 0-114.9 51.3-114.9 114.9s51.3 114.9 114.9 114.9S339 319.5 339 255.9 287.7 141 224.1 141zm0 189.6c-41.1 0-74.7-33.5-74.7-74.7s33.5-74.7 74.7-74.7 74.7 33.5 74.7 74.7-33.6 74.7-74.7 74.7zm146.4-194.3c0 14.9-12 26.8-26.8 26.8-14.9 0-26.8-12-26.8-26.8s12-26.8 26.8-26.8 26.8 12 26.8 26.8zm76.1 27.2c-1.7-35.9-9.9-67.7-36.2-93.9-26.2-26.2-58-34.4-93.9-36.2-37-2.1-147.9-2.1-184.9 0-35.8 1.7-67.6 9.9-93.9 36.1s-34.4 58-36.2 93.9c-2.1 37-2.1 147.9 0 184.9 1.7 35.9 9.9 67.7 36.2 93.9s58 34.4 93.9 36.2c37 2.1 147.9 2.1 184.9 0 35.9-1.7 67.7-9.9 93.9-36.2 26.2-26.2 34.4-58 36.2-93.9 2.1-37 2.1-147.8 0-184.8zM398.8 388c-7.8 19.6-22.9 34.7-42.6 42.6-29.5 11.7-99.5 9-132.1 9s-102.7 2.6-132.1-9c-19.6-7.8-34.7-22.9-42.6-42.6-11.7-29.5-9-99.5-9-132.1s-2.6-102.7 9-132.1c7.8-19.6 22.9-34.7 42.6-42.6 29.5-11.7 99.5-9 132.1-9s102.7-2.6 132.1 9c19.6 7.8 34.7 22.9 42.6 42.6 11.7 29.5 9 99.5 9 132.1s2.7 102.7-9 132.1z\"><\/path><\/svg>\t\t\t\t\t\t<\/span>\n\t\t\t\t\t\t\t\t\t\t\t<\/a>\n\t\t\t\t<\/div>\n\t\t\t\t\t<\/div>\n\t\t\n\t\t<div class=\"e-link-in-bio__ctas has-type-button\">\n\t\t\t\t\t\t\t<a href=\"https:\/\/tookphoto.fr\/?page_id=1645\" target=\"_blank\" rel=\"noopener \" class=\"e-link-in-bio__cta is-type-button has-corners-rounded\">\n\t\t\t\t\t\t\t\t\t\t<span class=\"e-link-in-bio__cta-text\">\n\t\t\t\t\t\tR\u00e9servez\t\t\t\t\t<\/span>\n\t\t\t\t<\/a>\n\t\t\t\t\t<\/div>\n\t\t\n\t\t\t<\/div>\n\t\t\t<div class=\"e-link-in-bio__bg\">\n\t\t\t\t<div class=\"e-link-in-bio__bg-overlay\"><\/div>\n\t\t\t<\/div>\n\t\t<\/div>\n\t\t\t\t\t\t<\/div>\n\t\t\t\t<\/div>\n\t\t\t\t<\/div>\n\t\t<div class=\"elementor-element elementor-element-785065a e-con-full e-flex e-con e-child\" data-id=\"785065a\" data-element_type=\"container\" data-e-type=\"container\">\n\t\t\t\t<div class=\"elementor-element elementor-element-2bcc778 elementor-widget elementor-widget-link-in-bio\" data-id=\"2bcc778\" data-element_type=\"widget\" data-e-type=\"widget\" data-widget_type=\"link-in-bio.default\">\n\t\t\t\t<div class=\"elementor-widget-container\">\n\t\t\t\t\t\t\t<div class=\"e-link-in-bio e-link-in-bio\">\n\t\t\t<div class=\"e-link-in-bio__content\">\n\n\t\t\t\t\t\t<div class=\"e-link-in-bio__identity\">\n\t\t\t\t\t\t\t\t\t<div class=\"e-link-in-bio__identity-image e-link-in-bio__identity-image-cover\">\n\t\t\t\t\t\t\t<img decoding=\"async\" width=\"200\" height=\"300\" src=\"https:\/\/tookphoto.fr\/wp-content\/uploads\/2026\/01\/Mia-Julien-198-4-200x300.jpg\" class=\"e-link-in-bio__identity-image-element\" alt=\"\" srcset=\"https:\/\/tookphoto.fr\/wp-content\/uploads\/2026\/01\/Mia-Julien-198-4-200x300.jpg 200w, https:\/\/tookphoto.fr\/wp-content\/uploads\/2026\/01\/Mia-Julien-198-4-681x1024.jpg 681w, https:\/\/tookphoto.fr\/wp-content\/uploads\/2026\/01\/Mia-Julien-198-4-768x1155.jpg 768w, https:\/\/tookphoto.fr\/wp-content\/uploads\/2026\/01\/Mia-Julien-198-4-1022x1536.jpg 1022w, https:\/\/tookphoto.fr\/wp-content\/uploads\/2026\/01\/Mia-Julien-198-4-300x451.jpg 300w, https:\/\/tookphoto.fr\/wp-content\/uploads\/2026\/01\/Mia-Julien-198-4-600x902.jpg 600w, https:\/\/tookphoto.fr\/wp-content\/uploads\/2026\/01\/Mia-Julien-198-4.jpg 1362w\" sizes=\"(max-width: 200px) 100vw, 200px\" \/>\t\t\t\t\t\t\t\t\t\t\t\t\t<\/div>\n\t\t\t\t\t\t\t<\/div>\n\t\t\t\t\t<div class=\"e-link-in-bio__bio\">\n\t\t\t\t<h2 class=\"e-link-in-bio__heading\">Photo \u00e9v\u00e8nementielle<\/h2>\t\t\t\t<h3 class=\"e-link-in-bio__title\">Mariage, anniversaire, bapt\u00eame... <\/h3>\t\t\t\t\t\t\t\t\t\t\t<\/div>\n\t\t\t\t\t<div class=\"e-link-in-bio__icons has-size-small\">\n\t\t\t\t\t\t\t<div class=\"e-link-in-bio__icon is-size-small\">\n\t\t\t\t\t<a href=\"https:\/\/www.instagram.com\/tookphotofr\/\" target=\"_blank\" rel=\"noopener \" aria-label=\"Instagram\" class=\"e-link-in-bio__icon-link\">\n\t\t\t\t\t\t<span class=\"e-link-in-bio__icon-svg\">\n\t\t\t\t\t\t\t<svg aria-hidden=\"true\" class=\"e-font-icon-svg e-fab-instagram\" viewBox=\"0 0 448 512\" xmlns=\"http:\/\/www.w3.org\/2000\/svg\"><path d=\"M224.1 141c-63.6 0-114.9 51.3-114.9 114.9s51.3 114.9 114.9 114.9S339 319.5 339 255.9 287.7 141 224.1 141zm0 189.6c-41.1 0-74.7-33.5-74.7-74.7s33.5-74.7 74.7-74.7 74.7 33.5 74.7 74.7-33.6 74.7-74.7 74.7zm146.4-194.3c0 14.9-12 26.8-26.8 26.8-14.9 0-26.8-12-26.8-26.8s12-26.8 26.8-26.8 26.8 12 26.8 26.8zm76.1 27.2c-1.7-35.9-9.9-67.7-36.2-93.9-26.2-26.2-58-34.4-93.9-36.2-37-2.1-147.9-2.1-184.9 0-35.8 1.7-67.6 9.9-93.9 36.1s-34.4 58-36.2 93.9c-2.1 37-2.1 147.9 0 184.9 1.7 35.9 9.9 67.7 36.2 93.9s58 34.4 93.9 36.2c37 2.1 147.9 2.1 184.9 0 35.9-1.7 67.7-9.9 93.9-36.2 26.2-26.2 34.4-58 36.2-93.9 2.1-37 2.1-147.8 0-184.8zM398.8 388c-7.8 19.6-22.9 34.7-42.6 42.6-29.5 11.7-99.5 9-132.1 9s-102.7 2.6-132.1-9c-19.6-7.8-34.7-22.9-42.6-42.6-11.7-29.5-9-99.5-9-132.1s-2.6-102.7 9-132.1c7.8-19.6 22.9-34.7 42.6-42.6 29.5-11.7 99.5-9 132.1-9s102.7-2.6 132.1 9c19.6 7.8 34.7 22.9 42.6 42.6 11.7 29.5 9 99.5 9 132.1s2.7 102.7-9 132.1z\"><\/path><\/svg>\t\t\t\t\t\t<\/span>\n\t\t\t\t\t\t\t\t\t\t\t<\/a>\n\t\t\t\t<\/div>\n\t\t\t\t\t<\/div>\n\t\t\n\t\t<div class=\"e-link-in-bio__ctas has-type-button\">\n\t\t\t\t\t\t\t<a href=\"https:\/\/tookphoto.fr\/?page_id=1645\" target=\"_blank\" rel=\"noopener \" class=\"e-link-in-bio__cta is-type-button has-corners-rounded\">\n\t\t\t\t\t\t\t\t\t\t<span class=\"e-link-in-bio__cta-text\">\n\t\t\t\t\t\tR\u00e9servez\t\t\t\t\t<\/span>\n\t\t\t\t<\/a>\n\t\t\t\t\t<\/div>\n\t\t\n\t\t\t<\/div>\n\t\t\t<div class=\"e-link-in-bio__bg\">\n\t\t\t\t<div class=\"e-link-in-bio__bg-overlay\"><\/div>\n\t\t\t<\/div>\n\t\t<\/div>\n\t\t\t\t\t\t<\/div>\n\t\t\t\t<\/div>\n\t\t\t\t<\/div>\n\t\t<div class=\"elementor-element elementor-element-ec9ce94 e-con-full e-flex e-con e-child\" data-id=\"ec9ce94\" data-element_type=\"container\" data-e-type=\"container\">\n\t\t\t\t<div class=\"elementor-element elementor-element-7c08649 elementor-widget elementor-widget-link-in-bio\" data-id=\"7c08649\" data-element_type=\"widget\" data-e-type=\"widget\" data-widget_type=\"link-in-bio.default\">\n\t\t\t\t<div class=\"elementor-widget-container\">\n\t\t\t\t\t\t\t<div class=\"e-link-in-bio e-link-in-bio\">\n\t\t\t<div class=\"e-link-in-bio__content\">\n\n\t\t\t\t\t\t<div class=\"e-link-in-bio__identity\">\n\t\t\t\t\t\t\t\t\t<div class=\"e-link-in-bio__identity-image e-link-in-bio__identity-image-cover\">\n\t\t\t\t\t\t\t<img decoding=\"async\" width=\"300\" height=\"200\" src=\"https:\/\/tookphoto.fr\/wp-content\/uploads\/2026\/01\/DSC_2599-6-300x200.jpg\" class=\"e-link-in-bio__identity-image-element\" alt=\"\" srcset=\"https:\/\/tookphoto.fr\/wp-content\/uploads\/2026\/01\/DSC_2599-6-300x200.jpg 300w, https:\/\/tookphoto.fr\/wp-content\/uploads\/2026\/01\/DSC_2599-6-1024x682.jpg 1024w, https:\/\/tookphoto.fr\/wp-content\/uploads\/2026\/01\/DSC_2599-6-768x511.jpg 768w, https:\/\/tookphoto.fr\/wp-content\/uploads\/2026\/01\/DSC_2599-6-1536x1022.jpg 1536w, https:\/\/tookphoto.fr\/wp-content\/uploads\/2026\/01\/DSC_2599-6-600x399.jpg 600w, https:\/\/tookphoto.fr\/wp-content\/uploads\/2026\/01\/DSC_2599-6.jpg 2048w\" sizes=\"(max-width: 300px) 100vw, 300px\" \/>\t\t\t\t\t\t\t\t\t\t\t\t\t<\/div>\n\t\t\t\t\t\t\t<\/div>\n\t\t\t\t\t<div class=\"e-link-in-bio__bio\">\n\t\t\t\t<h2 class=\"e-link-in-bio__heading\">Photo industrielle &amp; publicitaire<\/h2>\t\t\t\t<h3 class=\"e-link-in-bio__title\">Agriculteurs, usines, entreprises, PMI, PME, artisans<\/h3>\t\t\t\t\t\t\t\t\t\t\t<\/div>\n\t\t\t\t\t<div class=\"e-link-in-bio__icons has-size-small\">\n\t\t\t\t\t\t\t<div class=\"e-link-in-bio__icon is-size-small\">\n\t\t\t\t\t<a href=\"https:\/\/www.instagram.com\/tookphotofr\/\" target=\"_blank\" rel=\"noopener \" aria-label=\"Instagram\" class=\"e-link-in-bio__icon-link\">\n\t\t\t\t\t\t<span class=\"e-link-in-bio__icon-svg\">\n\t\t\t\t\t\t\t<svg aria-hidden=\"true\" class=\"e-font-icon-svg e-fab-instagram\" viewBox=\"0 0 448 512\" xmlns=\"http:\/\/www.w3.org\/2000\/svg\"><path d=\"M224.1 141c-63.6 0-114.9 51.3-114.9 114.9s51.3 114.9 114.9 114.9S339 319.5 339 255.9 287.7 141 224.1 141zm0 189.6c-41.1 0-74.7-33.5-74.7-74.7s33.5-74.7 74.7-74.7 74.7 33.5 74.7 74.7-33.6 74.7-74.7 74.7zm146.4-194.3c0 14.9-12 26.8-26.8 26.8-14.9 0-26.8-12-26.8-26.8s12-26.8 26.8-26.8 26.8 12 26.8 26.8zm76.1 27.2c-1.7-35.9-9.9-67.7-36.2-93.9-26.2-26.2-58-34.4-93.9-36.2-37-2.1-147.9-2.1-184.9 0-35.8 1.7-67.6 9.9-93.9 36.1s-34.4 58-36.2 93.9c-2.1 37-2.1 147.9 0 184.9 1.7 35.9 9.9 67.7 36.2 93.9s58 34.4 93.9 36.2c37 2.1 147.9 2.1 184.9 0 35.9-1.7 67.7-9.9 93.9-36.2 26.2-26.2 34.4-58 36.2-93.9 2.1-37 2.1-147.8 0-184.8zM398.8 388c-7.8 19.6-22.9 34.7-42.6 42.6-29.5 11.7-99.5 9-132.1 9s-102.7 2.6-132.1-9c-19.6-7.8-34.7-22.9-42.6-42.6-11.7-29.5-9-99.5-9-132.1s-2.6-102.7 9-132.1c7.8-19.6 22.9-34.7 42.6-42.6 29.5-11.7 99.5-9 132.1-9s102.7-2.6 132.1 9c19.6 7.8 34.7 22.9 42.6 42.6 11.7 29.5 9 99.5 9 132.1s2.7 102.7-9 132.1z\"><\/path><\/svg>\t\t\t\t\t\t<\/span>\n\t\t\t\t\t\t\t\t\t\t\t<\/a>\n\t\t\t\t<\/div>\n\t\t\t\t\t<\/div>\n\t\t\n\t\t<div class=\"e-link-in-bio__ctas has-type-button\">\n\t\t\t\t\t\t\t<a href=\"https:\/\/tookphoto.fr\/?page_id=1645\" target=\"_blank\" rel=\"noopener \" class=\"e-link-in-bio__cta is-type-button has-corners-rounded\">\n\t\t\t\t\t\t\t\t\t\t<span class=\"e-link-in-bio__cta-text\">\n\t\t\t\t\t\tR\u00e9servez\t\t\t\t\t<\/span>\n\t\t\t\t<\/a>\n\t\t\t\t\t<\/div>\n\t\t\n\t\t\t<\/div>\n\t\t\t<div class=\"e-link-in-bio__bg\">\n\t\t\t\t<div class=\"e-link-in-bio__bg-overlay\"><\/div>\n\t\t\t<\/div>\n\t\t<\/div>\n\t\t\t\t\t\t<\/div>\n\t\t\t\t<\/div>\n\t\t\t\t<\/div>\n\t\t<div class=\"elementor-element elementor-element-3be1ce0 e-con-full e-flex e-con e-child\" data-id=\"3be1ce0\" data-element_type=\"container\" data-e-type=\"container\">\n\t\t\t\t<div class=\"elementor-element elementor-element-7d78fa8 elementor-widget elementor-widget-link-in-bio\" data-id=\"7d78fa8\" data-element_type=\"widget\" data-e-type=\"widget\" data-widget_type=\"link-in-bio.default\">\n\t\t\t\t<div class=\"elementor-widget-container\">\n\t\t\t\t\t\t\t<div class=\"e-link-in-bio e-link-in-bio\">\n\t\t\t<div class=\"e-link-in-bio__content\">\n\n\t\t\t\t\t\t<div class=\"e-link-in-bio__identity\">\n\t\t\t\t\t\t\t\t\t<div class=\"e-link-in-bio__identity-image e-link-in-bio__identity-image-cover\">\n\t\t\t\t\t\t\t<img loading=\"lazy\" decoding=\"async\" width=\"300\" height=\"200\" src=\"https:\/\/tookphoto.fr\/wp-content\/uploads\/2026\/01\/NIKON-Z-6_2-137-1-300x200.jpg\" class=\"e-link-in-bio__identity-image-element\" alt=\"\" srcset=\"https:\/\/tookphoto.fr\/wp-content\/uploads\/2026\/01\/NIKON-Z-6_2-137-1-300x200.jpg 300w, https:\/\/tookphoto.fr\/wp-content\/uploads\/2026\/01\/NIKON-Z-6_2-137-1-1024x682.jpg 1024w, https:\/\/tookphoto.fr\/wp-content\/uploads\/2026\/01\/NIKON-Z-6_2-137-1-768x511.jpg 768w, https:\/\/tookphoto.fr\/wp-content\/uploads\/2026\/01\/NIKON-Z-6_2-137-1-1536x1022.jpg 1536w, https:\/\/tookphoto.fr\/wp-content\/uploads\/2026\/01\/NIKON-Z-6_2-137-1-600x399.jpg 600w, https:\/\/tookphoto.fr\/wp-content\/uploads\/2026\/01\/NIKON-Z-6_2-137-1.jpg 2048w\" sizes=\"(max-width: 300px) 100vw, 300px\" \/>\t\t\t\t\t\t\t\t\t\t\t\t\t<\/div>\n\t\t\t\t\t\t\t<\/div>\n\t\t\t\t\t<div class=\"e-link-in-bio__bio\">\n\t\t\t\t<h2 class=\"e-link-in-bio__heading\">Photo Associations et Clubs sportifs<\/h2>\t\t\t\t<h3 class=\"e-link-in-bio__title\">Communiquez et financez votre structure <\/h3>\t\t\t\t\t\t\t\t\t\t\t<\/div>\n\t\t\t\t\t<div class=\"e-link-in-bio__icons has-size-small\">\n\t\t\t\t\t\t\t<div class=\"e-link-in-bio__icon is-size-small\">\n\t\t\t\t\t<a href=\"https:\/\/www.instagram.com\/tookphotofr\/\" target=\"_blank\" rel=\"noopener \" aria-label=\"Instagram\" class=\"e-link-in-bio__icon-link\">\n\t\t\t\t\t\t<span class=\"e-link-in-bio__icon-svg\">\n\t\t\t\t\t\t\t<svg aria-hidden=\"true\" class=\"e-font-icon-svg e-fab-instagram\" viewBox=\"0 0 448 512\" xmlns=\"http:\/\/www.w3.org\/2000\/svg\"><path d=\"M224.1 141c-63.6 0-114.9 51.3-114.9 114.9s51.3 114.9 114.9 114.9S339 319.5 339 255.9 287.7 141 224.1 141zm0 189.6c-41.1 0-74.7-33.5-74.7-74.7s33.5-74.7 74.7-74.7 74.7 33.5 74.7 74.7-33.6 74.7-74.7 74.7zm146.4-194.3c0 14.9-12 26.8-26.8 26.8-14.9 0-26.8-12-26.8-26.8s12-26.8 26.8-26.8 26.8 12 26.8 26.8zm76.1 27.2c-1.7-35.9-9.9-67.7-36.2-93.9-26.2-26.2-58-34.4-93.9-36.2-37-2.1-147.9-2.1-184.9 0-35.8 1.7-67.6 9.9-93.9 36.1s-34.4 58-36.2 93.9c-2.1 37-2.1 147.9 0 184.9 1.7 35.9 9.9 67.7 36.2 93.9s58 34.4 93.9 36.2c37 2.1 147.9 2.1 184.9 0 35.9-1.7 67.7-9.9 93.9-36.2 26.2-26.2 34.4-58 36.2-93.9 2.1-37 2.1-147.8 0-184.8zM398.8 388c-7.8 19.6-22.9 34.7-42.6 42.6-29.5 11.7-99.5 9-132.1 9s-102.7 2.6-132.1-9c-19.6-7.8-34.7-22.9-42.6-42.6-11.7-29.5-9-99.5-9-132.1s-2.6-102.7 9-132.1c7.8-19.6 22.9-34.7 42.6-42.6 29.5-11.7 99.5-9 132.1-9s102.7-2.6 132.1 9c19.6 7.8 34.7 22.9 42.6 42.6 11.7 29.5 9 99.5 9 132.1s2.7 102.7-9 132.1z\"><\/path><\/svg>\t\t\t\t\t\t<\/span>\n\t\t\t\t\t\t\t\t\t\t\t<\/a>\n\t\t\t\t<\/div>\n\t\t\t\t\t<\/div>\n\t\t\n\t\t<div class=\"e-link-in-bio__ctas has-type-button\">\n\t\t\t\t\t\t\t<a href=\"https:\/\/tookphoto.fr\/?page_id=1885\" target=\"_blank\" rel=\"noopener \" class=\"e-link-in-bio__cta is-type-button has-corners-rounded\">\n\t\t\t\t\t\t\t\t\t\t<span class=\"e-link-in-bio__cta-text\">\n\t\t\t\t\t\tR\u00e9servez\t\t\t\t\t<\/span>\n\t\t\t\t<\/a>\n\t\t\t\t\t<\/div>\n\t\t\n\t\t\t<\/div>\n\t\t\t<div class=\"e-link-in-bio__bg\">\n\t\t\t\t<div class=\"e-link-in-bio__bg-overlay\"><\/div>\n\t\t\t<\/div>\n\t\t<\/div>\n\t\t\t\t\t\t<\/div>\n\t\t\t\t<\/div>\n\t\t\t\t<\/div>\n\t\t\t\t\t<\/div>\n\t\t\t\t<\/div>\n\t\t\t\t<\/div>\n\t\t","protected":false},"excerpt":{"rendered":"<p>Photographie sociale &amp; g\u00e9n\u00e9rationnelle Portrait, famille, couple, maternit\u00e9, naissance R\u00e9servez Photo \u00e9v\u00e8nementielle Mariage, anniversaire, bapt\u00eame&#8230; R\u00e9servez Photo industrielle &amp; publicitaire Agriculteurs, usines, entreprises, PMI, PME, artisans R\u00e9servez Photo Associations et Clubs sportifs Communiquez et financez votre structure R\u00e9servez<\/p>\n","protected":false},"author":1,"featured_media":0,"parent":0,"menu_order":0,"comment_status":"closed","ping_status":"closed","template":"","meta":{"footnotes":""},"class_list":["post-1881","page","type-page","status-publish","hentry"],"blocksy_meta":[],"yoast_head":"<!-- This site is optimized with the Yoast SEO plugin v27.2 - https:\/\/yoast.com\/product\/yoast-seo-wordpress\/ -->\n<title>Prestations - Took! Photo Studio Mobile<\/title>\n<meta name=\"robots\" content=\"index, follow, max-snippet:-1, max-image-preview:large, max-video-preview:-1\" \/>\n<link rel=\"canonical\" href=\"https:\/\/tookphoto.fr\/?page_id=1881\" \/>\n<meta property=\"og:locale\" content=\"fr_FR\" \/>\n<meta property=\"og:type\" content=\"article\" \/>\n<meta property=\"og:title\" content=\"Prestations - Took! Photo Studio Mobile\" \/>\n<meta property=\"og:description\" content=\"Photographie sociale &amp; g\u00e9n\u00e9rationnelle Portrait, famille, couple, maternit\u00e9, naissance R\u00e9servez Photo \u00e9v\u00e8nementielle Mariage, anniversaire, bapt\u00eame&#8230; R\u00e9servez Photo industrielle &amp; publicitaire Agriculteurs, usines, entreprises, PMI, PME, artisans R\u00e9servez Photo Associations et Clubs sportifs Communiquez et financez votre structure R\u00e9servez\" \/>\n<meta property=\"og:url\" content=\"https:\/\/tookphoto.fr\/?page_id=1881\" \/>\n<meta property=\"og:site_name\" content=\"Took! Photo Studio Mobile\" \/>\n<meta property=\"article:modified_time\" content=\"2026-02-18T16:51:15+00:00\" \/>\n<meta property=\"og:image\" content=\"https:\/\/tookphoto.fr\/wp-content\/uploads\/2026\/02\/DSC_1015-200x300.jpg\" \/>\n<meta name=\"twitter:card\" content=\"summary_large_image\" \/>\n<meta name=\"twitter:label1\" content=\"Dur\u00e9e de lecture estim\u00e9e\" \/>\n\t<meta name=\"twitter:data1\" content=\"1 minute\" \/>\n<script type=\"application\/ld+json\" class=\"yoast-schema-graph\">{\"@context\":\"https:\/\/schema.org\",\"@graph\":[{\"@type\":\"WebPage\",\"@id\":\"https:\/\/tookphoto.fr\/?page_id=1881\",\"url\":\"https:\/\/tookphoto.fr\/?page_id=1881\",\"name\":\"Prestations - Took! Photo Studio Mobile\",\"isPartOf\":{\"@id\":\"https:\/\/tookphoto.fr\/#website\"},\"primaryImageOfPage\":{\"@id\":\"https:\/\/tookphoto.fr\/?page_id=1881#primaryimage\"},\"image\":{\"@id\":\"https:\/\/tookphoto.fr\/?page_id=1881#primaryimage\"},\"thumbnailUrl\":\"https:\/\/tookphoto.fr\/wp-content\/uploads\/2026\/02\/DSC_1015-200x300.jpg\",\"datePublished\":\"2026-01-19T09:40:58+00:00\",\"dateModified\":\"2026-02-18T16:51:15+00:00\",\"breadcrumb\":{\"@id\":\"https:\/\/tookphoto.fr\/?page_id=1881#breadcrumb\"},\"inLanguage\":\"fr-FR\",\"potentialAction\":[{\"@type\":\"ReadAction\",\"target\":[\"https:\/\/tookphoto.fr\/?page_id=1881\"]}]},{\"@type\":\"ImageObject\",\"inLanguage\":\"fr-FR\",\"@id\":\"https:\/\/tookphoto.fr\/?page_id=1881#primaryimage\",\"url\":\"https:\/\/tookphoto.fr\/wp-content\/uploads\/2026\/02\/DSC_1015.jpg\",\"contentUrl\":\"https:\/\/tookphoto.fr\/wp-content\/uploads\/2026\/02\/DSC_1015.jpg\",\"width\":1365,\"height\":2048},{\"@type\":\"BreadcrumbList\",\"@id\":\"https:\/\/tookphoto.fr\/?page_id=1881#breadcrumb\",\"itemListElement\":[{\"@type\":\"ListItem\",\"position\":1,\"name\":\"Accueil\",\"item\":\"https:\/\/tookphoto.fr\/\"},{\"@type\":\"ListItem\",\"position\":2,\"name\":\"Prestations\"}]},{\"@type\":\"WebSite\",\"@id\":\"https:\/\/tookphoto.fr\/#website\",\"url\":\"https:\/\/tookphoto.fr\/\",\"name\":\"Took! Photo Studio Mobile\",\"description\":\"\",\"publisher\":{\"@id\":\"https:\/\/tookphoto.fr\/#organization\"},\"potentialAction\":[{\"@type\":\"SearchAction\",\"target\":{\"@type\":\"EntryPoint\",\"urlTemplate\":\"https:\/\/tookphoto.fr\/?s={search_term_string}\"},\"query-input\":{\"@type\":\"PropertyValueSpecification\",\"valueRequired\":true,\"valueName\":\"search_term_string\"}}],\"inLanguage\":\"fr-FR\"},{\"@type\":\"Organization\",\"@id\":\"https:\/\/tookphoto.fr\/#organization\",\"name\":\"Took! Photo Studio Mobile\",\"url\":\"https:\/\/tookphoto.fr\/\",\"logo\":{\"@type\":\"ImageObject\",\"inLanguage\":\"fr-FR\",\"@id\":\"https:\/\/tookphoto.fr\/#\/schema\/logo\/image\/\",\"url\":\"https:\/\/tookphoto.fr\/wp-content\/uploads\/2026\/02\/TOOK-logo-banniere-nr.png\",\"contentUrl\":\"https:\/\/tookphoto.fr\/wp-content\/uploads\/2026\/02\/TOOK-logo-banniere-nr.png\",\"width\":694,\"height\":338,\"caption\":\"Took! Photo Studio Mobile\"},\"image\":{\"@id\":\"https:\/\/tookphoto.fr\/#\/schema\/logo\/image\/\"}}]}<\/script>\n<!-- \/ Yoast SEO plugin. -->","yoast_head_json":{"title":"Prestations - Took! Photo Studio Mobile","robots":{"index":"index","follow":"follow","max-snippet":"max-snippet:-1","max-image-preview":"max-image-preview:large","max-video-preview":"max-video-preview:-1"},"canonical":"https:\/\/tookphoto.fr\/?page_id=1881","og_locale":"fr_FR","og_type":"article","og_title":"Prestations - Took! Photo Studio Mobile","og_description":"Photographie sociale &amp; g\u00e9n\u00e9rationnelle Portrait, famille, couple, maternit\u00e9, naissance R\u00e9servez Photo \u00e9v\u00e8nementielle Mariage, anniversaire, bapt\u00eame&#8230; R\u00e9servez Photo industrielle &amp; publicitaire Agriculteurs, usines, entreprises, PMI, PME, artisans R\u00e9servez Photo Associations et Clubs sportifs Communiquez et financez votre structure R\u00e9servez","og_url":"https:\/\/tookphoto.fr\/?page_id=1881","og_site_name":"Took! Photo Studio Mobile","article_modified_time":"2026-02-18T16:51:15+00:00","og_image":[{"url":"https:\/\/tookphoto.fr\/wp-content\/uploads\/2026\/02\/DSC_1015-200x300.jpg","type":"","width":"","height":""}],"twitter_card":"summary_large_image","twitter_misc":{"Dur\u00e9e de lecture estim\u00e9e":"1 minute"},"schema":{"@context":"https:\/\/schema.org","@graph":[{"@type":"WebPage","@id":"https:\/\/tookphoto.fr\/?page_id=1881","url":"https:\/\/tookphoto.fr\/?page_id=1881","name":"Prestations - Took! Photo Studio Mobile","isPartOf":{"@id":"https:\/\/tookphoto.fr\/#website"},"primaryImageOfPage":{"@id":"https:\/\/tookphoto.fr\/?page_id=1881#primaryimage"},"image":{"@id":"https:\/\/tookphoto.fr\/?page_id=1881#primaryimage"},"thumbnailUrl":"https:\/\/tookphoto.fr\/wp-content\/uploads\/2026\/02\/DSC_1015-200x300.jpg","datePublished":"2026-01-19T09:40:58+00:00","dateModified":"2026-02-18T16:51:15+00:00","breadcrumb":{"@id":"https:\/\/tookphoto.fr\/?page_id=1881#breadcrumb"},"inLanguage":"fr-FR","potentialAction":[{"@type":"ReadAction","target":["https:\/\/tookphoto.fr\/?page_id=1881"]}]},{"@type":"ImageObject","inLanguage":"fr-FR","@id":"https:\/\/tookphoto.fr\/?page_id=1881#primaryimage","url":"https:\/\/tookphoto.fr\/wp-content\/uploads\/2026\/02\/DSC_1015.jpg","contentUrl":"https:\/\/tookphoto.fr\/wp-content\/uploads\/2026\/02\/DSC_1015.jpg","width":1365,"height":2048},{"@type":"BreadcrumbList","@id":"https:\/\/tookphoto.fr\/?page_id=1881#breadcrumb","itemListElement":[{"@type":"ListItem","position":1,"name":"Accueil","item":"https:\/\/tookphoto.fr\/"},{"@type":"ListItem","position":2,"name":"Prestations"}]},{"@type":"WebSite","@id":"https:\/\/tookphoto.fr\/#website","url":"https:\/\/tookphoto.fr\/","name":"Took! Photo Studio Mobile","description":"","publisher":{"@id":"https:\/\/tookphoto.fr\/#organization"},"potentialAction":[{"@type":"SearchAction","target":{"@type":"EntryPoint","urlTemplate":"https:\/\/tookphoto.fr\/?s={search_term_string}"},"query-input":{"@type":"PropertyValueSpecification","valueRequired":true,"valueName":"search_term_string"}}],"inLanguage":"fr-FR"},{"@type":"Organization","@id":"https:\/\/tookphoto.fr\/#organization","name":"Took! Photo Studio Mobile","url":"https:\/\/tookphoto.fr\/","logo":{"@type":"ImageObject","inLanguage":"fr-FR","@id":"https:\/\/tookphoto.fr\/#\/schema\/logo\/image\/","url":"https:\/\/tookphoto.fr\/wp-content\/uploads\/2026\/02\/TOOK-logo-banniere-nr.png","contentUrl":"https:\/\/tookphoto.fr\/wp-content\/uploads\/2026\/02\/TOOK-logo-banniere-nr.png","width":694,"height":338,"caption":"Took! Photo Studio Mobile"},"image":{"@id":"https:\/\/tookphoto.fr\/#\/schema\/logo\/image\/"}}]}},"_links":{"self":[{"href":"https:\/\/tookphoto.fr\/index.php?rest_route=\/wp\/v2\/pages\/1881","targetHints":{"allow":["GET"]}}],"collection":[{"href":"https:\/\/tookphoto.fr\/index.php?rest_route=\/wp\/v2\/pages"}],"about":[{"href":"https:\/\/tookphoto.fr\/index.php?rest_route=\/wp\/v2\/types\/page"}],"author":[{"embeddable":true,"href":"https:\/\/tookphoto.fr\/index.php?rest_route=\/wp\/v2\/users\/1"}],"replies":[{"embeddable":true,"href":"https:\/\/tookphoto.fr\/index.php?rest_route=%2Fwp%2Fv2%2Fcomments&post=1881"}],"version-history":[{"count":121,"href":"https:\/\/tookphoto.fr\/index.php?rest_route=\/wp\/v2\/pages\/1881\/revisions"}],"predecessor-version":[{"id":2937,"href":"https:\/\/tookphoto.fr\/index.php?rest_route=\/wp\/v2\/pages\/1881\/revisions\/2937"}],"wp:attachment":[{"href":"https:\/\/tookphoto.fr\/index.php?rest_route=%2Fwp%2Fv2%2Fmedia&parent=1881"}],"curies":[{"name":"wp","href":"https:\/\/api.w.org\/{rel}","templated":true}]}}