{"id":1644,"date":"2021-12-21T09:46:38","date_gmt":"2021-12-21T09:46:38","guid":{"rendered":"https:\/\/startersites.io\/elementor\/homi\/?page_id=7"},"modified":"2026-02-28T19:31:15","modified_gmt":"2026-02-28T18:31:15","slug":"about","status":"publish","type":"page","link":"https:\/\/tookphoto.fr\/?page_id=1644","title":{"rendered":"\u00c0 propos"},"content":{"rendered":"\t\t<div data-elementor-type=\"wp-page\" data-elementor-id=\"1644\" class=\"elementor elementor-1644\">\n\t\t\t\t<div class=\"elementor-element elementor-element-74803a8 e-con-full e-flex e-con e-parent\" data-id=\"74803a8\" data-element_type=\"container\" data-e-type=\"container\">\n\t\t\t\t<div class=\"elementor-element elementor-element-8130fd7 elementor-widget elementor-widget-image\" data-id=\"8130fd7\" data-element_type=\"widget\" data-e-type=\"widget\" data-widget_type=\"image.default\">\n\t\t\t\t\t\t\t\t\t\t\t\t\t\t\t<img decoding=\"async\" src=\"https:\/\/tookphoto.fr\/wp-content\/uploads\/2026\/01\/SARY-PROFILY-5-scaled.png\" alt=\"\" srcset=\"https:\/\/tookphoto.fr\/wp-content\/uploads\/2026\/01\/SARY-PROFILY-5-scaled.png 2560w, https:\/\/tookphoto.fr\/wp-content\/uploads\/2026\/01\/SARY-PROFILY-5-300x106.png 300w, https:\/\/tookphoto.fr\/wp-content\/uploads\/2026\/01\/SARY-PROFILY-5-1024x362.png 1024w, https:\/\/tookphoto.fr\/wp-content\/uploads\/2026\/01\/SARY-PROFILY-5-768x272.png 768w, https:\/\/tookphoto.fr\/wp-content\/uploads\/2026\/01\/SARY-PROFILY-5-1536x543.png 1536w, https:\/\/tookphoto.fr\/wp-content\/uploads\/2026\/01\/SARY-PROFILY-5-2048x724.png 2048w, https:\/\/tookphoto.fr\/wp-content\/uploads\/2026\/01\/SARY-PROFILY-5-600x212.png 600w\" sizes=\"(max-width: 2560px) 100vw, 2560px\" \/>\t\t\t\t\t\t\t\t\t\t\t\t\t\t\t<\/div>\n\t\t\t\t<\/div>\n\t\t<div class=\"elementor-element elementor-element-b0fb68b e-con-full e-flex e-con e-parent\" data-id=\"b0fb68b\" data-element_type=\"container\" data-e-type=\"container\">\n\t\t\t\t<div class=\"elementor-element elementor-element-bd0229d elementor-widget elementor-widget-heading\" data-id=\"bd0229d\" data-element_type=\"widget\" data-e-type=\"widget\" data-widget_type=\"heading.default\">\n\t\t\t\t\t<h2 class=\"elementor-heading-title elementor-size-default\">\u00c0 Propos<\/h2>\t\t\t\t<\/div>\n\t\t<div class=\"elementor-element elementor-element-7590a9f e-grid e-con-full e-con e-child\" data-id=\"7590a9f\" data-element_type=\"container\" data-e-type=\"container\">\n\t\t\t\t<div class=\"elementor-element elementor-element-bbc2b69 elementor-widget elementor-widget-text-editor\" data-id=\"bbc2b69\" data-element_type=\"widget\" data-e-type=\"widget\" data-widget_type=\"text-editor.default\">\n\t\t\t\t\t\t\t\t\t<p class=\"my-2 [&amp;+p]:mt-4 [&amp;_strong:has(+br)]:inline-block [&amp;_strong:has(+br)]:pb-2\">Moi c&rsquo;est Toky n\u00e9 \u00e0 Madagascar, j&rsquo;ai grandi entre les lignes, les formes et la lumi\u00e8re, d\u2019abord comme lecteur, puis comme dessinateur, enfin comme <strong>photographe<\/strong>.<\/p><p class=\"my-2 [&amp;+p]:mt-4 [&amp;_strong:has(+br)]:inline-block [&amp;_strong:has(+br)]:pb-2\">J&rsquo;ai commenc\u00e9 la photo en 2003, cr\u00e9atif autodidacte acharn\u00e9, j&rsquo;ai longtemps m\u00eal\u00e9 graphisme, vid\u00e9o et photo au service d\u2019artistes, d\u2019associations et d\u2019entreprises, avant de poser ses valises et son studio mobile \u00e0 Saint\u2011Dizier.<\/p><p class=\"my-2 [&amp;+p]:mt-4 [&amp;_strong:has(+br)]:inline-block [&amp;_strong:has(+br)]:pb-2\">Photographe pendant quatre ans en maternit\u00e9, j&rsquo;ai\u00a0 appris \u00e0 photographier les tout premiers instants de la vie, dans le silence des chambres, avec douceur, patience et respect.\u00a0<\/p>\t\t\t\t\t\t\t\t<\/div>\n\t\t\t\t<div class=\"elementor-element elementor-element-602181a elementor-widget elementor-widget-text-editor\" data-id=\"602181a\" data-element_type=\"widget\" data-e-type=\"widget\" data-widget_type=\"text-editor.default\">\n\t\t\t\t\t\t\t\t\t<p class=\"my-2 [&amp;+p]:mt-4 [&amp;_strong:has(+br)]:inline-block [&amp;_strong:has(+br)]:pb-2\">Avec TOOK Photo Studio Mobile, est un atelier d\u2019images nomade, qui se d\u00e9place l\u00e0 o\u00f9 les histoires se vivent.<\/p><p class=\"my-2 [&amp;+p]:mt-4 [&amp;_strong:has(+br)]:inline-block [&amp;_strong:has(+br)]:pb-2\"><br \/>Chaque s\u00e9ance est pens\u00e9e comme une rencontre\u202f: un temps pour \u00e9couter, regarder, rassurer, faire rire parfois, puis cr\u00e9er des images qui ressemblent vraiment aux gens.<\/p><p class=\"my-2 [&amp;+p]:mt-4 [&amp;_strong:has(+br)]:inline-block [&amp;_strong:has(+br)]:pb-2\"><br \/>Les portraits jouent avec les g\u00e9om\u00e9tries, les ombres, les fum\u00e9es, les couleurs, mais au centre se trouve toujours la m\u00eame chose\u202f: la dignit\u00e9 simple de ceux qui passent devant l\u2019objectif.<\/p>\t\t\t\t\t\t\t\t<\/div>\n\t\t\t\t<\/div>\n\t\t\t\t<\/div>\n\t\t<div class=\"elementor-element elementor-element-bb117ca e-flex e-con-boxed e-con e-parent\" data-id=\"bb117ca\" data-element_type=\"container\" data-e-type=\"container\">\n\t\t\t\t\t<div class=\"e-con-inner\">\n\t\t\t\t\t<\/div>\n\t\t\t\t<\/div>\n\t\t<div class=\"elementor-element elementor-element-09ba5f2 e-flex e-con-boxed e-con e-parent\" data-id=\"09ba5f2\" data-element_type=\"container\" data-e-type=\"container\">\n\t\t\t\t\t<div class=\"e-con-inner\">\n\t\t<div class=\"elementor-element elementor-element-5fb8ac9 e-con-full e-flex e-con e-child\" data-id=\"5fb8ac9\" data-element_type=\"container\" data-e-type=\"container\">\n\t\t\t\t<div class=\"elementor-element elementor-element-fc2c920 elementor-widget elementor-widget-image\" data-id=\"fc2c920\" data-element_type=\"widget\" data-e-type=\"widget\" data-widget_type=\"image.default\">\n\t\t\t\t\t\t\t\t\t\t\t\t\t\t\t<img decoding=\"async\" src=\"https:\/\/tookphoto.fr\/wp-content\/uploads\/2026\/01\/triptique-3-scaled.jpg\" alt=\"\" srcset=\"https:\/\/tookphoto.fr\/wp-content\/uploads\/2026\/01\/triptique-3-scaled.jpg 2560w, https:\/\/tookphoto.fr\/wp-content\/uploads\/2026\/01\/triptique-3-300x180.jpg 300w, https:\/\/tookphoto.fr\/wp-content\/uploads\/2026\/01\/triptique-3-1024x614.jpg 1024w, https:\/\/tookphoto.fr\/wp-content\/uploads\/2026\/01\/triptique-3-768x461.jpg 768w, https:\/\/tookphoto.fr\/wp-content\/uploads\/2026\/01\/triptique-3-1536x922.jpg 1536w, https:\/\/tookphoto.fr\/wp-content\/uploads\/2026\/01\/triptique-3-2048x1229.jpg 2048w, https:\/\/tookphoto.fr\/wp-content\/uploads\/2026\/01\/triptique-3-600x360.jpg 600w\" sizes=\"(max-width: 2560px) 100vw, 2560px\" \/>\t\t\t\t\t\t\t\t\t\t\t\t\t\t\t<\/div>\n\t\t\t\t<\/div>\n\t\t<div class=\"elementor-element elementor-element-656625c e-con-full e-flex e-con e-child\" data-id=\"656625c\" data-element_type=\"container\" data-e-type=\"container\">\n\t\t\t\t<div class=\"elementor-element elementor-element-7621c2a elementor-widget elementor-widget-heading\" data-id=\"7621c2a\" data-element_type=\"widget\" data-e-type=\"widget\" data-widget_type=\"heading.default\">\n\t\t\t\t\t<h3 class=\"elementor-heading-title elementor-size-default\">Studio photo mobile mais pas que...<\/h3>\t\t\t\t<\/div>\n\t\t\t\t<div class=\"elementor-element elementor-element-f96e0ee elementor-widget elementor-widget-text-editor\" data-id=\"f96e0ee\" data-element_type=\"widget\" data-e-type=\"widget\" data-widget_type=\"text-editor.default\">\n\t\t\t\t\t\t\t\t\t<p class=\"my-2 [&amp;+p]:mt-4 [&amp;_strong:has(+br)]:inline-block [&amp;_strong:has(+br)]:pb-2\">En collaborant avec les clubs et les associations, TOOK imagine des projets o\u00f9 la photo ne sert pas seulement \u00e0 se souvenir, mais aussi \u00e0 faire vivre les structures\u202f: financer un jeu de maillots, un stage, du mat\u00e9riel, un r\u00eave collectif.<\/p><p class=\"my-2 [&amp;+p]:mt-4 [&amp;_strong:has(+br)]:inline-block [&amp;_strong:has(+br)]:pb-2\">TOOK, c\u2019est un studio qui vient \u00e0 vous, avec un regard humain, artistique et bienveillant, pour fabriquer des images qui comptent.<\/p>\t\t\t\t\t\t\t\t<\/div>\n\t\t\t\t<div class=\"elementor-element elementor-element-539fe3c elementor-mobile-align-center elementor-tablet-align-center elementor-widget elementor-widget-button\" data-id=\"539fe3c\" data-element_type=\"widget\" data-e-type=\"widget\" data-widget_type=\"button.default\">\n\t\t\t\t\t\t\t\t\t\t<a class=\"elementor-button elementor-button-link elementor-size-lg\" href=\"https:\/\/tookphoto.fr\/?page_id=1645\">\n\t\t\t\t\t\t<span class=\"elementor-button-content-wrapper\">\n\t\t\t\t\t\t\t\t\t<span class=\"elementor-button-text\">Nous contacter<\/span>\n\t\t\t\t\t<\/span>\n\t\t\t\t\t<\/a>\n\t\t\t\t\t\t\t\t<\/div>\n\t\t\t\t<\/div>\n\t\t\t\t\t<\/div>\n\t\t\t\t<\/div>\n\t\t\t\t<\/div>\n\t\t","protected":false},"excerpt":{"rendered":"<p>\u00c0 Propos Moi c&rsquo;est Toky n\u00e9 \u00e0 Madagascar, j&rsquo;ai grandi entre les lignes, les formes et la lumi\u00e8re, d\u2019abord comme lecteur, puis comme dessinateur, enfin comme photographe. J&rsquo;ai commenc\u00e9 la photo en 2003, cr\u00e9atif autodidacte acharn\u00e9, j&rsquo;ai longtemps m\u00eal\u00e9 graphisme, vid\u00e9o et photo au service d\u2019artistes, d\u2019associations et d\u2019entreprises, avant de poser ses valises et [&hellip;]<\/p>\n","protected":false},"author":1,"featured_media":0,"parent":0,"menu_order":0,"comment_status":"closed","ping_status":"closed","template":"","meta":{"footnotes":""},"class_list":["post-1644","page","type-page","status-publish","hentry"],"blocksy_meta":{"styles_descriptor":{"styles":{"desktop":"","tablet":"","mobile":""},"google_fonts":[],"version":6}},"yoast_head":"<!-- This site is optimized with the Yoast SEO plugin v27.2 - https:\/\/yoast.com\/product\/yoast-seo-wordpress\/ -->\n<title>\u00c0 propos - Took! Photo Studio Mobile<\/title>\n<meta name=\"robots\" content=\"index, follow, max-snippet:-1, max-image-preview:large, max-video-preview:-1\" \/>\n<link rel=\"canonical\" href=\"https:\/\/tookphoto.fr\/?page_id=1644\" \/>\n<meta property=\"og:locale\" content=\"fr_FR\" \/>\n<meta property=\"og:type\" content=\"article\" \/>\n<meta property=\"og:title\" content=\"\u00c0 propos - Took! Photo Studio Mobile\" \/>\n<meta property=\"og:description\" content=\"\u00c0 Propos Moi c&rsquo;est Toky n\u00e9 \u00e0 Madagascar, j&rsquo;ai grandi entre les lignes, les formes et la lumi\u00e8re, d\u2019abord comme lecteur, puis comme dessinateur, enfin comme photographe. J&rsquo;ai commenc\u00e9 la photo en 2003, cr\u00e9atif autodidacte acharn\u00e9, j&rsquo;ai longtemps m\u00eal\u00e9 graphisme, vid\u00e9o et photo au service d\u2019artistes, d\u2019associations et d\u2019entreprises, avant de poser ses valises et [&hellip;]\" \/>\n<meta property=\"og:url\" content=\"https:\/\/tookphoto.fr\/?page_id=1644\" \/>\n<meta property=\"og:site_name\" content=\"Took! Photo Studio Mobile\" \/>\n<meta property=\"article:modified_time\" content=\"2026-02-28T18:31:15+00:00\" \/>\n<meta property=\"og:image\" content=\"https:\/\/tookphoto.fr\/wp-content\/uploads\/2026\/01\/SARY-PROFILY-5-scaled.png\" \/>\n<meta name=\"twitter:card\" content=\"summary_large_image\" \/>\n<meta name=\"twitter:label1\" content=\"Dur\u00e9e de lecture estim\u00e9e\" \/>\n\t<meta name=\"twitter:data1\" content=\"2 minutes\" \/>\n<script type=\"application\/ld+json\" class=\"yoast-schema-graph\">{\"@context\":\"https:\/\/schema.org\",\"@graph\":[{\"@type\":\"WebPage\",\"@id\":\"https:\/\/tookphoto.fr\/?page_id=1644\",\"url\":\"https:\/\/tookphoto.fr\/?page_id=1644\",\"name\":\"\u00c0 propos - Took! Photo Studio Mobile\",\"isPartOf\":{\"@id\":\"https:\/\/tookphoto.fr\/#website\"},\"primaryImageOfPage\":{\"@id\":\"https:\/\/tookphoto.fr\/?page_id=1644#primaryimage\"},\"image\":{\"@id\":\"https:\/\/tookphoto.fr\/?page_id=1644#primaryimage\"},\"thumbnailUrl\":\"https:\/\/tookphoto.fr\/wp-content\/uploads\/2026\/01\/SARY-PROFILY-5-scaled.png\",\"datePublished\":\"2021-12-21T09:46:38+00:00\",\"dateModified\":\"2026-02-28T18:31:15+00:00\",\"breadcrumb\":{\"@id\":\"https:\/\/tookphoto.fr\/?page_id=1644#breadcrumb\"},\"inLanguage\":\"fr-FR\",\"potentialAction\":[{\"@type\":\"ReadAction\",\"target\":[\"https:\/\/tookphoto.fr\/?page_id=1644\"]}]},{\"@type\":\"ImageObject\",\"inLanguage\":\"fr-FR\",\"@id\":\"https:\/\/tookphoto.fr\/?page_id=1644#primaryimage\",\"url\":\"https:\/\/tookphoto.fr\/wp-content\/uploads\/2026\/01\/SARY-PROFILY-5-scaled.png\",\"contentUrl\":\"https:\/\/tookphoto.fr\/wp-content\/uploads\/2026\/01\/SARY-PROFILY-5-scaled.png\",\"width\":2560,\"height\":906},{\"@type\":\"BreadcrumbList\",\"@id\":\"https:\/\/tookphoto.fr\/?page_id=1644#breadcrumb\",\"itemListElement\":[{\"@type\":\"ListItem\",\"position\":1,\"name\":\"Accueil\",\"item\":\"https:\/\/tookphoto.fr\/\"},{\"@type\":\"ListItem\",\"position\":2,\"name\":\"\u00c0 propos\"}]},{\"@type\":\"WebSite\",\"@id\":\"https:\/\/tookphoto.fr\/#website\",\"url\":\"https:\/\/tookphoto.fr\/\",\"name\":\"Took! Photo Studio Mobile\",\"description\":\"\",\"publisher\":{\"@id\":\"https:\/\/tookphoto.fr\/#organization\"},\"potentialAction\":[{\"@type\":\"SearchAction\",\"target\":{\"@type\":\"EntryPoint\",\"urlTemplate\":\"https:\/\/tookphoto.fr\/?s={search_term_string}\"},\"query-input\":{\"@type\":\"PropertyValueSpecification\",\"valueRequired\":true,\"valueName\":\"search_term_string\"}}],\"inLanguage\":\"fr-FR\"},{\"@type\":\"Organization\",\"@id\":\"https:\/\/tookphoto.fr\/#organization\",\"name\":\"Took! Photo Studio Mobile\",\"url\":\"https:\/\/tookphoto.fr\/\",\"logo\":{\"@type\":\"ImageObject\",\"inLanguage\":\"fr-FR\",\"@id\":\"https:\/\/tookphoto.fr\/#\/schema\/logo\/image\/\",\"url\":\"https:\/\/tookphoto.fr\/wp-content\/uploads\/2026\/02\/TOOK-logo-banniere-nr.png\",\"contentUrl\":\"https:\/\/tookphoto.fr\/wp-content\/uploads\/2026\/02\/TOOK-logo-banniere-nr.png\",\"width\":694,\"height\":338,\"caption\":\"Took! Photo Studio Mobile\"},\"image\":{\"@id\":\"https:\/\/tookphoto.fr\/#\/schema\/logo\/image\/\"}}]}<\/script>\n<!-- \/ Yoast SEO plugin. -->","yoast_head_json":{"title":"\u00c0 propos - Took! Photo Studio Mobile","robots":{"index":"index","follow":"follow","max-snippet":"max-snippet:-1","max-image-preview":"max-image-preview:large","max-video-preview":"max-video-preview:-1"},"canonical":"https:\/\/tookphoto.fr\/?page_id=1644","og_locale":"fr_FR","og_type":"article","og_title":"\u00c0 propos - Took! Photo Studio Mobile","og_description":"\u00c0 Propos Moi c&rsquo;est Toky n\u00e9 \u00e0 Madagascar, j&rsquo;ai grandi entre les lignes, les formes et la lumi\u00e8re, d\u2019abord comme lecteur, puis comme dessinateur, enfin comme photographe. J&rsquo;ai commenc\u00e9 la photo en 2003, cr\u00e9atif autodidacte acharn\u00e9, j&rsquo;ai longtemps m\u00eal\u00e9 graphisme, vid\u00e9o et photo au service d\u2019artistes, d\u2019associations et d\u2019entreprises, avant de poser ses valises et [&hellip;]","og_url":"https:\/\/tookphoto.fr\/?page_id=1644","og_site_name":"Took! Photo Studio Mobile","article_modified_time":"2026-02-28T18:31:15+00:00","og_image":[{"url":"https:\/\/tookphoto.fr\/wp-content\/uploads\/2026\/01\/SARY-PROFILY-5-scaled.png","type":"","width":"","height":""}],"twitter_card":"summary_large_image","twitter_misc":{"Dur\u00e9e de lecture estim\u00e9e":"2 minutes"},"schema":{"@context":"https:\/\/schema.org","@graph":[{"@type":"WebPage","@id":"https:\/\/tookphoto.fr\/?page_id=1644","url":"https:\/\/tookphoto.fr\/?page_id=1644","name":"\u00c0 propos - Took! Photo Studio Mobile","isPartOf":{"@id":"https:\/\/tookphoto.fr\/#website"},"primaryImageOfPage":{"@id":"https:\/\/tookphoto.fr\/?page_id=1644#primaryimage"},"image":{"@id":"https:\/\/tookphoto.fr\/?page_id=1644#primaryimage"},"thumbnailUrl":"https:\/\/tookphoto.fr\/wp-content\/uploads\/2026\/01\/SARY-PROFILY-5-scaled.png","datePublished":"2021-12-21T09:46:38+00:00","dateModified":"2026-02-28T18:31:15+00:00","breadcrumb":{"@id":"https:\/\/tookphoto.fr\/?page_id=1644#breadcrumb"},"inLanguage":"fr-FR","potentialAction":[{"@type":"ReadAction","target":["https:\/\/tookphoto.fr\/?page_id=1644"]}]},{"@type":"ImageObject","inLanguage":"fr-FR","@id":"https:\/\/tookphoto.fr\/?page_id=1644#primaryimage","url":"https:\/\/tookphoto.fr\/wp-content\/uploads\/2026\/01\/SARY-PROFILY-5-scaled.png","contentUrl":"https:\/\/tookphoto.fr\/wp-content\/uploads\/2026\/01\/SARY-PROFILY-5-scaled.png","width":2560,"height":906},{"@type":"BreadcrumbList","@id":"https:\/\/tookphoto.fr\/?page_id=1644#breadcrumb","itemListElement":[{"@type":"ListItem","position":1,"name":"Accueil","item":"https:\/\/tookphoto.fr\/"},{"@type":"ListItem","position":2,"name":"\u00c0 propos"}]},{"@type":"WebSite","@id":"https:\/\/tookphoto.fr\/#website","url":"https:\/\/tookphoto.fr\/","name":"Took! Photo Studio Mobile","description":"","publisher":{"@id":"https:\/\/tookphoto.fr\/#organization"},"potentialAction":[{"@type":"SearchAction","target":{"@type":"EntryPoint","urlTemplate":"https:\/\/tookphoto.fr\/?s={search_term_string}"},"query-input":{"@type":"PropertyValueSpecification","valueRequired":true,"valueName":"search_term_string"}}],"inLanguage":"fr-FR"},{"@type":"Organization","@id":"https:\/\/tookphoto.fr\/#organization","name":"Took! Photo Studio Mobile","url":"https:\/\/tookphoto.fr\/","logo":{"@type":"ImageObject","inLanguage":"fr-FR","@id":"https:\/\/tookphoto.fr\/#\/schema\/logo\/image\/","url":"https:\/\/tookphoto.fr\/wp-content\/uploads\/2026\/02\/TOOK-logo-banniere-nr.png","contentUrl":"https:\/\/tookphoto.fr\/wp-content\/uploads\/2026\/02\/TOOK-logo-banniere-nr.png","width":694,"height":338,"caption":"Took! Photo Studio Mobile"},"image":{"@id":"https:\/\/tookphoto.fr\/#\/schema\/logo\/image\/"}}]}},"_links":{"self":[{"href":"https:\/\/tookphoto.fr\/index.php?rest_route=\/wp\/v2\/pages\/1644","targetHints":{"allow":["GET"]}}],"collection":[{"href":"https:\/\/tookphoto.fr\/index.php?rest_route=\/wp\/v2\/pages"}],"about":[{"href":"https:\/\/tookphoto.fr\/index.php?rest_route=\/wp\/v2\/types\/page"}],"author":[{"embeddable":true,"href":"https:\/\/tookphoto.fr\/index.php?rest_route=\/wp\/v2\/users\/1"}],"replies":[{"embeddable":true,"href":"https:\/\/tookphoto.fr\/index.php?rest_route=%2Fwp%2Fv2%2Fcomments&post=1644"}],"version-history":[{"count":27,"href":"https:\/\/tookphoto.fr\/index.php?rest_route=\/wp\/v2\/pages\/1644\/revisions"}],"predecessor-version":[{"id":3385,"href":"https:\/\/tookphoto.fr\/index.php?rest_route=\/wp\/v2\/pages\/1644\/revisions\/3385"}],"wp:attachment":[{"href":"https:\/\/tookphoto.fr\/index.php?rest_route=%2Fwp%2Fv2%2Fmedia&parent=1644"}],"curies":[{"name":"wp","href":"https:\/\/api.w.org\/{rel}","templated":true}]}}