{"id":1643,"date":"2021-12-21T09:46:38","date_gmt":"2021-12-21T09:46:38","guid":{"rendered":"https:\/\/startersites.io\/elementor\/homi\/?page_id=6"},"modified":"2026-03-09T20:34:00","modified_gmt":"2026-03-09T19:34:00","slug":"home","status":"publish","type":"page","link":"https:\/\/tookphoto.fr\/","title":{"rendered":"Accueil"},"content":{"rendered":"\t\t<div data-elementor-type=\"wp-page\" data-elementor-id=\"1643\" class=\"elementor elementor-1643\">\n\t\t\t\t<div class=\"elementor-element elementor-element-35d9ffa e-flex e-con-boxed e-con e-parent\" data-id=\"35d9ffa\" data-element_type=\"container\" data-e-type=\"container\" data-settings=\"{&quot;background_background&quot;:&quot;slideshow&quot;,&quot;background_slideshow_gallery&quot;:[{&quot;id&quot;:1706,&quot;url&quot;:&quot;https:\\\/\\\/tookphoto.fr\\\/wp-content\\\/uploads\\\/2026\\\/01\\\/DSC_1111-3.jpg&quot;},{&quot;id&quot;:3290,&quot;url&quot;:&quot;https:\\\/\\\/tookphoto.fr\\\/wp-content\\\/uploads\\\/2026\\\/02\\\/GRGD-7.jpg&quot;},{&quot;id&quot;:1716,&quot;url&quot;:&quot;https:\\\/\\\/tookphoto.fr\\\/wp-content\\\/uploads\\\/2026\\\/01\\\/J-1-3.jpg&quot;},{&quot;id&quot;:3294,&quot;url&quot;:&quot;https:\\\/\\\/tookphoto.fr\\\/wp-content\\\/uploads\\\/2026\\\/02\\\/GRGD-35.jpg&quot;},{&quot;id&quot;:2177,&quot;url&quot;:&quot;https:\\\/\\\/tookphoto.fr\\\/wp-content\\\/uploads\\\/2026\\\/01\\\/ATK_7984-4.jpg&quot;}],&quot;background_slideshow_loop&quot;:&quot;yes&quot;,&quot;background_slideshow_slide_duration&quot;:5000,&quot;background_slideshow_slide_transition&quot;:&quot;fade&quot;,&quot;background_slideshow_transition_duration&quot;:500}\">\n\t\t\t\t\t<div class=\"e-con-inner\">\n\t\t<div class=\"elementor-element elementor-element-fdd4420 e-con-full e-flex e-con e-child\" data-id=\"fdd4420\" data-element_type=\"container\" data-e-type=\"container\">\n\t\t\t\t<div class=\"elementor-element elementor-element-f217032 elementor-widget elementor-widget-text-editor\" data-id=\"f217032\" data-element_type=\"widget\" data-e-type=\"widget\" data-widget_type=\"text-editor.default\">\n\t\t\t\t\t\t\t\t\t<p>Bienvenue sur le site<\/p>\t\t\t\t\t\t\t\t<\/div>\n\t\t\t\t<div class=\"elementor-element elementor-element-fab0ccc elementor-widget elementor-widget-heading\" data-id=\"fab0ccc\" data-element_type=\"widget\" data-e-type=\"widget\" data-widget_type=\"heading.default\">\n\t\t\t\t\t<h2 class=\"elementor-heading-title elementor-size-default\">Took! Photo<\/h2>\t\t\t\t<\/div>\n\t\t\t\t<div class=\"elementor-element elementor-element-dee3f11 elementor-widget elementor-widget-heading\" data-id=\"dee3f11\" data-element_type=\"widget\" data-e-type=\"widget\" data-widget_type=\"heading.default\">\n\t\t\t\t\t<h2 class=\"elementor-heading-title elementor-size-default\"> Studio Mobile<\/h2>\t\t\t\t<\/div>\n\t\t\t\t<div class=\"elementor-element elementor-element-76883b9 elementor-widget elementor-widget-text-editor\" data-id=\"76883b9\" data-element_type=\"widget\" data-e-type=\"widget\" data-widget_type=\"text-editor.default\">\n\t\t\t\t\t\t\t\t\t<h5 class=\"my-2 [&amp;+p]:mt-4 [&amp;_strong:has(+br)]:inline-block [&amp;_strong:has(+br)]:pb-2\"><em><span style=\"color: #ffffff;\">Le studio photo qui vient \u00e0 vous.<\/span><br \/><\/em><\/h5><div class=\"x78zum5 xdt5ytf x1iyjqo2 xhc7eg\"><div class=\"x9f619 x1ja2u2z __fb-dark-mode x1xsqp64 x18d0r48 x78zum5 x1r8uery xdt5ytf x1iyjqo2 xmz0i5r x6ikm8r x10wlt62 x1n2onr6\"><div class=\"x78zum5 xdt5ytf x1iyjqo2 x5yr21d\"><div id=\"_r_d1_\" class=\"x78zum5 xdt5ytf x1iyjqo2 x5yr21d\"><div class=\"x78zum5 xdt5ytf x1iyjqo2 x5yr21d\"><div class=\"x1gp6l83 x18b5jzi x1alpsbp x148vw1v x1t7ytsu xyumdvf x78zum5 xdt5ytf x1iyjqo2 x6ikm8r x10wlt62\" role=\"grid\" aria-label=\"Messages dans la conversation avec Julia Arslane\"><div class=\"x1qjc9v5 x9f619 xdl72j9 x2lwn1j xeuugli x1n2onr6 x78zum5 xdt5ytf x1iyjqo2 xs83m0k x6ikm8r x10wlt62 x1ja2u2z\"><div class=\"x78zum5 xdt5ytf x1iyjqo2 x6ikm8r x1odjw0f xish69e x16o0dkt\" role=\"none\"><div class=\"x78zum5 xdt5ytf x1iyjqo2 x2lah0s xl56j7k x121v3j4\"><div><div class=\"x78zum5 xdt5ytf\" data-virtualized=\"false\"><div class=\"x9f619 x1n2onr6 x1ja2u2z\"><div><div><div class=\"__fb-dark-mode x1n2onr6\" role=\"row\"><div><div class=\"x78zum5 xdt5ytf x1n2onr6 x1vjfegm\" tabindex=\"0\" role=\"gridcell\" data-release-focus-from=\"CLICK\" data-scope=\"messages_table\"><div class=\"html-div xdj266r x14z9mp xat24cr x1lziwak xexx8yu xyri2b x18d9i69 x1c1uobl x78zum5 x1eb86dx\"><div class=\"html-div xdj266r x14z9mp xat24cr x1lziwak xexx8yu xyri2b x18d9i69 x1c1uobl xeuugli x1vjfegm\"><div><div class=\"html-div xdj266r x14z9mp xat24cr x1lziwak xexx8yu xyri2b x18d9i69 x1c1uobl x78zum5 xh8yej3\" role=\"presentation\"><div class=\"x1cy8zhl x78zum5 xdt5ytf x193iq5w x1n2onr6 x1kxipp6\"><div class=\"x78zum5 xh8yej3\" role=\"none\"><div class=\"html-div xdj266r x14z9mp xat24cr x1lziwak xexx8yu xyri2b x18d9i69 x1c1uobl x6ikm8r x10wlt62\"><div class=\"html-div xdj266r x14z9mp xat24cr x1lziwak x14ctfv x13sv91t x6ikm8r x10wlt62 xerhiuh x1pn3fxy x10zy8in xm9bcq3 x1n2onr6 x1vjfegm x1k4qllp x1mzt3pk x13faqbe x1xr0vuk x1jm4cbz x114wg8e xrrpcnn x14rx4xb x13fuv20 x18b5jzi x1q0q8m5 x1t7ytsu x19livfd x1h2krnu x3p3xfz xet2kk3 xaymx6s x1lu5o8o x1ou5ly4 xofb2d2\" role=\"presentation\"><div dir=\"auto\">\u00a0<\/div><div dir=\"auto\">\u00a0<\/div><div class=\"html-div xexx8yu xyri2b x18d9i69 x1c1uobl x1gslohp x14z9mp x12nagc x1lziwak x1yc453h x126k92a x18lvrbx\" dir=\"auto\">Photographe passionn\u00e9, je capture l\u2019essentiel\u2009: des moments vrais, des regards complices, des sourires spontan\u00e9s. Avec mon studio mobile, je viens \u00e0 toi \u2014\u2009 \u00e0 ton domicile, en ext\u00e9rieur, ou sur le lieu de ton \u00e9v\u00e9nement.<\/div><div dir=\"auto\">\u00a0<\/div><div class=\"html-div xexx8yu xyri2b x18d9i69 x1c1uobl x1gslohp x14z9mp x12nagc x1lziwak x1yc453h x126k92a x18lvrbx\" dir=\"auto\">Que ce soit pour un portrait, une s\u00e9ance couple ou famille, un mariage, une naissance, un \u00e9v\u00e9nement associatif ou une photo publicitaire, je m\u2019adapte \u00e0 tes besoins pour des images naturelles et intemporelles.<\/div><div dir=\"auto\">\u00a0<\/div><div class=\"html-div xexx8yu xyri2b x18d9i69 x1c1uobl x1gslohp x14z9mp x12nagc x1lziwak x1yc453h x126k92a x18lvrbx\" dir=\"auto\">Engag\u00e9 aux c\u00f4t\u00e9s des associations, je propose des partenariats gagnant-gagnant\u2009: je r\u00e9alise les photos, vous les vendez, ou nous partageons un pourcentage sur les ventes. Ensemble, valorisons vos projets et vos actions gr\u00e2ce \u00e0 des images qui parlent vrai.<\/div><div dir=\"auto\">\u00a0<\/div><div class=\"html-div xexx8yu xyri2b x18d9i69 x1c1uobl x1gslohp x14z9mp x12nagc x1lziwak x1yc453h x126k92a x18lvrbx\" dir=\"auto\">Parce que chaque instant m\u00e9rite d\u2019\u00eatre racont\u00e9 avec authenticit\u00e9.<\/div><\/div><\/div><div class=\"html-div xdj266r x14z9mp xat24cr x1lziwak xexx8yu xyri2b x18d9i69 x1c1uobl x1h91t0o xkh2ocl x78zum5 xdt5ytf x13a6bvl x193iq5w x1iyjqo2 x1eb86dx\" role=\"presentation\"><div class=\"html-div xdj266r x14z9mp xat24cr x1lziwak xexx8yu xyri2b x18d9i69 x1c1uobl x1r8uery x1iyjqo2\" role=\"presentation\">\u00a0<\/div><\/div><\/div><\/div><div class=\"html-div xdj266r x14z9mp xat24cr x1lziwak xexx8yu xyri2b x18d9i69 x1c1uobl x1h91t0o xkh2ocl x78zum5 xdt5ytf x13a6bvl x193iq5w x1iyjqo2 x1eb86dx\" role=\"presentation\"><div class=\"html-div xdj266r x14z9mp xat24cr x1lziwak xexx8yu xyri2b x18d9i69 x1c1uobl x1r8uery x1iyjqo2\" role=\"presentation\">\u00a0<\/div><\/div><\/div><div class=\"html-div xdj266r x14z9mp xat24cr x1lziwak xexx8yu xyri2b x18d9i69 x1c1uobl x1h91t0o xkh2ocl x78zum5 xdt5ytf x13a6bvl x193iq5w x1c4vz4f x1eb86dx\" role=\"presentation\"><div class=\"html-div xdj266r x14z9mp xat24cr x1lziwak xexx8yu xyri2b x18d9i69 x1c1uobl\">\u00a0<\/div><\/div><\/div><\/div><div class=\"html-div xdj266r x14z9mp xat24cr x1lziwak xexx8yu xyri2b x1eb86dx x78zum5 x1c4vz4f x2lah0s xjqpyvm xnvo3vl\"><div class=\"html-div xdj266r x14z9mp xat24cr x1lziwak xexx8yu xyri2b x18d9i69 x1c1uobl x78zum5 xamitd3\"><div class=\"html-div xdj266r x14z9mp xat24cr x1lziwak xexx8yu xyri2b x18d9i69 x78zum5 xdt5ytf x1iyjqo2 x2lah0s xl56j7k x1n2onr6 x1mqs8db x1n327nk xaso8d8\" aria-hidden=\"false\"><div class=\"html-div xdj266r x14z9mp xat24cr x1lziwak xexx8yu xyri2b x18d9i69 x1c1uobl x6s0dn4 xl5lk40 x78zum5 x1mqs8db x1q0g3np\" role=\"presentation\"><div class=\"html-div xdj266r x14z9mp xat24cr x1lziwak xexx8yu xyri2b x18d9i69 x1c1uobl x6s0dn4 xl5lk40 x78zum5 x1mqs8db x1q0g3np\" role=\"presentation\"><div class=\"html-div xdj266r x14z9mp xat24cr x1lziwak xexx8yu xyri2b x18d9i69 x1c1uobl\" aria-hidden=\"false\"><div class=\"x9f619 x1n2onr6 x1ja2u2z __fb-dark-mode\">\u00a0<\/div><\/div><div class=\"html-div xdj266r x14z9mp xat24cr x1lziwak xexx8yu xyri2b x18d9i69 x1c1uobl\" aria-hidden=\"false\"><div class=\"x9f619 x1n2onr6 x1ja2u2z __fb-dark-mode\">\u00a0<\/div><\/div><div class=\"html-div xdj266r x14z9mp xat24cr x1lziwak xexx8yu xyri2b x18d9i69 x1c1uobl\" aria-hidden=\"false\"><div class=\"x9f619 x1n2onr6 x1ja2u2z __fb-dark-mode\">\u00a0<\/div><\/div><\/div><\/div><\/div><\/div><\/div><div class=\"html-div xdj266r x14z9mp xat24cr x1lziwak xexx8yu xyri2b x18d9i69 x1c1uobl x1eb86dx x1r8uery x1iyjqo2\">\u00a0<\/div><\/div><div class=\"html-div xdj266r x14z9mp xat24cr x1lziwak xexx8yu xyri2b x18d9i69 x1c1uobl x1eb86dx xh8yej3 x16ye13r\" role=\"presentation\">\u00a0<\/div><\/div><\/div><div role=\"gridcell\">\u00a0<\/div><\/div><\/div><\/div><\/div><\/div><\/div><\/div><\/div><\/div><\/div><\/div><\/div><\/div><\/div><\/div><div><div><div class=\"xuk3077 x57kliw x78zum5 x6prxxf xz9dl7a xsag5q8\" role=\"group\" aria-label=\"\u00c9diteur de fil de discussion\"><div class=\"x78zum5 x2lah0s x6ikm8r x10wlt62 xexx8yu x11lfxj5 x18d9i69 x135b78x x1n2onr6\"><div class=\"html-div xdj266r xat24cr xexx8yu xyri2b x18d9i69 x1c1uobl x1c4vz4f x2lah0s x1el4u5y x1plvlek xryxfnj x1g0ag68 xcj1dhv x11lt19s xe9ewy2 x2xth8r x14qfxbe\"><div class=\"x9f619 x1n2onr6 x1ja2u2z __fb-dark-mode\">\u00a0<\/div><\/div><\/div><\/div><\/div><\/div>\t\t\t\t\t\t\t\t<\/div>\n\t\t\t\t<div class=\"elementor-element elementor-element-d5a450d elementor-mobile-align-center elementor-widget elementor-widget-button\" data-id=\"d5a450d\" data-element_type=\"widget\" data-e-type=\"widget\" data-widget_type=\"button.default\">\n\t\t\t\t\t\t\t\t\t\t<a class=\"elementor-button elementor-button-link elementor-size-lg\" href=\"https:\/\/tookphoto.fr\/?page_id=2131\">\n\t\t\t\t\t\t<span class=\"elementor-button-content-wrapper\">\n\t\t\t\t\t\t\t\t\t<span class=\"elementor-button-text\">Visitez<\/span>\n\t\t\t\t\t<\/span>\n\t\t\t\t\t<\/a>\n\t\t\t\t\t\t\t\t<\/div>\n\t\t\t\t<\/div>\n\t\t\t\t\t<\/div>\n\t\t\t\t<\/div>\n\t\t<div class=\"elementor-element elementor-element-f672c53 e-flex e-con-boxed e-con e-parent\" data-id=\"f672c53\" data-element_type=\"container\" data-e-type=\"container\">\n\t\t\t\t\t<div class=\"e-con-inner\">\n\t\t<div class=\"elementor-element elementor-element-ca239e9 e-con-full e-flex e-con e-child\" data-id=\"ca239e9\" data-element_type=\"container\" data-e-type=\"container\">\n\t\t<div class=\"elementor-element elementor-element-ae4347e e-con-full e-flex e-con e-child\" data-id=\"ae4347e\" data-element_type=\"container\" data-e-type=\"container\">\n\t\t\t\t<div class=\"elementor-element elementor-element-b4c6426 elementor-widget elementor-widget-image\" data-id=\"b4c6426\" data-element_type=\"widget\" data-e-type=\"widget\" data-widget_type=\"image.default\">\n\t\t\t\t\t\t\t\t\t\t\t\t\t\t\t<img decoding=\"async\" src=\"https:\/\/tookphoto.fr\/wp-content\/uploads\/2026\/02\/FMG-13-2.jpg\" alt=\"\" srcset=\"https:\/\/tookphoto.fr\/wp-content\/uploads\/2026\/02\/FMG-13-2.jpg 1363w, https:\/\/tookphoto.fr\/wp-content\/uploads\/2026\/02\/FMG-13-2-200x300.jpg 200w, https:\/\/tookphoto.fr\/wp-content\/uploads\/2026\/02\/FMG-13-2-682x1024.jpg 682w, https:\/\/tookphoto.fr\/wp-content\/uploads\/2026\/02\/FMG-13-2-768x1154.jpg 768w, https:\/\/tookphoto.fr\/wp-content\/uploads\/2026\/02\/FMG-13-2-1022x1536.jpg 1022w, https:\/\/tookphoto.fr\/wp-content\/uploads\/2026\/02\/FMG-13-2-300x451.jpg 300w, https:\/\/tookphoto.fr\/wp-content\/uploads\/2026\/02\/FMG-13-2-600x902.jpg 600w\" sizes=\"(max-width: 1363px) 100vw, 1363px\" \/>\t\t\t\t\t\t\t\t\t\t\t\t\t\t\t<\/div>\n\t\t\t\t<\/div>\n\t\t<div class=\"elementor-element elementor-element-74cd34b e-con-full e-flex e-con e-child\" data-id=\"74cd34b\" data-element_type=\"container\" data-e-type=\"container\">\n\t\t\t\t<div class=\"elementor-element elementor-element-dfc9d94 elementor-widget elementor-widget-heading\" data-id=\"dfc9d94\" data-element_type=\"widget\" data-e-type=\"widget\" data-widget_type=\"heading.default\">\n\t\t\t\t\t<h2 class=\"elementor-heading-title elementor-size-default\">Clubs &amp; <br>\nAssociations<\/h2>\t\t\t\t<\/div>\n\t\t\t\t<div class=\"elementor-element elementor-element-54250b1 elementor-widget elementor-widget-text-editor\" data-id=\"54250b1\" data-element_type=\"widget\" data-e-type=\"widget\" data-widget_type=\"text-editor.default\">\n\t\t\t\t\t\t\t\t\t<p>Partenariat Gagnant-gagnant<\/p>\t\t\t\t\t\t\t\t<\/div>\n\t\t\t\t<div class=\"elementor-element elementor-element-e8f6feb elementor-widget elementor-widget-text-editor\" data-id=\"e8f6feb\" data-element_type=\"widget\" data-e-type=\"widget\" data-widget_type=\"text-editor.default\">\n\t\t\t\t\t\t\t\t\t<p>\u00a0GAGNEZ JUSQU&rsquo;A 50%<\/p>\t\t\t\t\t\t\t\t<\/div>\n\t\t\t\t<div class=\"elementor-element elementor-element-140bf2e elementor-mobile-align-center elementor-widget elementor-widget-button\" data-id=\"140bf2e\" data-element_type=\"widget\" data-e-type=\"widget\" data-widget_type=\"button.default\">\n\t\t\t\t\t\t\t\t\t\t<a class=\"elementor-button elementor-button-link elementor-size-lg\" href=\"https:\/\/tookphoto.fr\/?page_id=1885\">\n\t\t\t\t\t\t<span class=\"elementor-button-content-wrapper\">\n\t\t\t\t\t\t\t\t\t<span class=\"elementor-button-text\">D\u00e9couvrir<\/span>\n\t\t\t\t\t<\/span>\n\t\t\t\t\t<\/a>\n\t\t\t\t\t\t\t\t<\/div>\n\t\t\t\t<\/div>\n\t\t\t\t<\/div>\n\t\t\t\t\t<\/div>\n\t\t\t\t<\/div>\n\t\t\t\t<\/div>\n\t\t","protected":false},"excerpt":{"rendered":"<p>Bienvenue sur le site Took! Photo Studio Mobile Le studio photo qui vient \u00e0 vous. \u00a0\u00a0Photographe passionn\u00e9, je capture l\u2019essentiel\u2009: des moments vrais, des regards complices, des sourires spontan\u00e9s. Avec mon studio mobile, je viens \u00e0 toi \u2014\u2009 \u00e0 ton domicile, en ext\u00e9rieur, ou sur le lieu de ton \u00e9v\u00e9nement.\u00a0Que ce soit pour un portrait, [&hellip;]<\/p>\n","protected":false},"author":1,"featured_media":0,"parent":0,"menu_order":0,"comment_status":"closed","ping_status":"closed","template":"elementor_header_footer","meta":{"footnotes":""},"class_list":["post-1643","page","type-page","status-publish","hentry"],"blocksy_meta":{"styles_descriptor":{"styles":{"desktop":"","tablet":"","mobile":""},"google_fonts":[],"version":6},"has_hero_section":"disabled","vertical_spacing_source":"custom","content_area_spacing":"none"},"yoast_head":"<!-- This site is optimized with the Yoast SEO plugin v27.2 - https:\/\/yoast.com\/product\/yoast-seo-wordpress\/ -->\n<title>Accueil - Took! Photo Studio Mobile<\/title>\n<meta name=\"robots\" content=\"index, follow, max-snippet:-1, max-image-preview:large, max-video-preview:-1\" \/>\n<link rel=\"canonical\" href=\"https:\/\/tookphoto.fr\/\" \/>\n<meta property=\"og:locale\" content=\"fr_FR\" \/>\n<meta property=\"og:type\" content=\"article\" \/>\n<meta property=\"og:title\" content=\"Accueil - Took! Photo Studio Mobile\" \/>\n<meta property=\"og:description\" content=\"Bienvenue sur le site Took! Photo Studio Mobile Le studio photo qui vient \u00e0 vous. \u00a0\u00a0Photographe passionn\u00e9, je capture l\u2019essentiel\u2009: des moments vrais, des regards complices, des sourires spontan\u00e9s. Avec mon studio mobile, je viens \u00e0 toi \u2014\u2009 \u00e0 ton domicile, en ext\u00e9rieur, ou sur le lieu de ton \u00e9v\u00e9nement.\u00a0Que ce soit pour un portrait, [&hellip;]\" \/>\n<meta property=\"og:url\" content=\"https:\/\/tookphoto.fr\/\" \/>\n<meta property=\"og:site_name\" content=\"Took! Photo Studio Mobile\" \/>\n<meta property=\"article:modified_time\" content=\"2026-03-09T19:34:00+00:00\" \/>\n<meta property=\"og:image\" content=\"https:\/\/tookphoto.fr\/wp-content\/uploads\/2026\/02\/FMG-13-2.jpg\" \/>\n<meta name=\"twitter:card\" content=\"summary_large_image\" \/>\n<meta name=\"twitter:label1\" content=\"Dur\u00e9e de lecture estim\u00e9e\" \/>\n\t<meta name=\"twitter:data1\" content=\"1 minute\" \/>\n<script type=\"application\/ld+json\" class=\"yoast-schema-graph\">{\"@context\":\"https:\/\/schema.org\",\"@graph\":[{\"@type\":\"WebPage\",\"@id\":\"https:\/\/tookphoto.fr\/\",\"url\":\"https:\/\/tookphoto.fr\/\",\"name\":\"Accueil - Took! Photo Studio Mobile\",\"isPartOf\":{\"@id\":\"https:\/\/tookphoto.fr\/#website\"},\"primaryImageOfPage\":{\"@id\":\"https:\/\/tookphoto.fr\/#primaryimage\"},\"image\":{\"@id\":\"https:\/\/tookphoto.fr\/#primaryimage\"},\"thumbnailUrl\":\"https:\/\/tookphoto.fr\/wp-content\/uploads\/2026\/02\/FMG-13-2.jpg\",\"datePublished\":\"2021-12-21T09:46:38+00:00\",\"dateModified\":\"2026-03-09T19:34:00+00:00\",\"breadcrumb\":{\"@id\":\"https:\/\/tookphoto.fr\/#breadcrumb\"},\"inLanguage\":\"fr-FR\",\"potentialAction\":[{\"@type\":\"ReadAction\",\"target\":[\"https:\/\/tookphoto.fr\/\"]}]},{\"@type\":\"ImageObject\",\"inLanguage\":\"fr-FR\",\"@id\":\"https:\/\/tookphoto.fr\/#primaryimage\",\"url\":\"https:\/\/tookphoto.fr\/wp-content\/uploads\/2026\/02\/FMG-13-2.jpg\",\"contentUrl\":\"https:\/\/tookphoto.fr\/wp-content\/uploads\/2026\/02\/FMG-13-2.jpg\"},{\"@type\":\"BreadcrumbList\",\"@id\":\"https:\/\/tookphoto.fr\/#breadcrumb\",\"itemListElement\":[{\"@type\":\"ListItem\",\"position\":1,\"name\":\"Accueil\",\"item\":\"https:\/\/tookphoto.fr\/\"},{\"@type\":\"ListItem\",\"position\":2,\"name\":\"Accueil\"}]},{\"@type\":\"WebSite\",\"@id\":\"https:\/\/tookphoto.fr\/#website\",\"url\":\"https:\/\/tookphoto.fr\/\",\"name\":\"Took! Photo Studio Mobile\",\"description\":\"\",\"publisher\":{\"@id\":\"https:\/\/tookphoto.fr\/#organization\"},\"potentialAction\":[{\"@type\":\"SearchAction\",\"target\":{\"@type\":\"EntryPoint\",\"urlTemplate\":\"https:\/\/tookphoto.fr\/?s={search_term_string}\"},\"query-input\":{\"@type\":\"PropertyValueSpecification\",\"valueRequired\":true,\"valueName\":\"search_term_string\"}}],\"inLanguage\":\"fr-FR\"},{\"@type\":\"Organization\",\"@id\":\"https:\/\/tookphoto.fr\/#organization\",\"name\":\"Took! Photo Studio Mobile\",\"url\":\"https:\/\/tookphoto.fr\/\",\"logo\":{\"@type\":\"ImageObject\",\"inLanguage\":\"fr-FR\",\"@id\":\"https:\/\/tookphoto.fr\/#\/schema\/logo\/image\/\",\"url\":\"https:\/\/tookphoto.fr\/wp-content\/uploads\/2026\/02\/TOOK-logo-banniere-nr.png\",\"contentUrl\":\"https:\/\/tookphoto.fr\/wp-content\/uploads\/2026\/02\/TOOK-logo-banniere-nr.png\",\"width\":694,\"height\":338,\"caption\":\"Took! Photo Studio Mobile\"},\"image\":{\"@id\":\"https:\/\/tookphoto.fr\/#\/schema\/logo\/image\/\"}}]}<\/script>\n<!-- \/ Yoast SEO plugin. -->","yoast_head_json":{"title":"Accueil - Took! Photo Studio Mobile","robots":{"index":"index","follow":"follow","max-snippet":"max-snippet:-1","max-image-preview":"max-image-preview:large","max-video-preview":"max-video-preview:-1"},"canonical":"https:\/\/tookphoto.fr\/","og_locale":"fr_FR","og_type":"article","og_title":"Accueil - Took! Photo Studio Mobile","og_description":"Bienvenue sur le site Took! Photo Studio Mobile Le studio photo qui vient \u00e0 vous. \u00a0\u00a0Photographe passionn\u00e9, je capture l\u2019essentiel\u2009: des moments vrais, des regards complices, des sourires spontan\u00e9s. Avec mon studio mobile, je viens \u00e0 toi \u2014\u2009 \u00e0 ton domicile, en ext\u00e9rieur, ou sur le lieu de ton \u00e9v\u00e9nement.\u00a0Que ce soit pour un portrait, [&hellip;]","og_url":"https:\/\/tookphoto.fr\/","og_site_name":"Took! Photo Studio Mobile","article_modified_time":"2026-03-09T19:34:00+00:00","og_image":[{"url":"https:\/\/tookphoto.fr\/wp-content\/uploads\/2026\/02\/FMG-13-2.jpg","type":"","width":"","height":""}],"twitter_card":"summary_large_image","twitter_misc":{"Dur\u00e9e de lecture estim\u00e9e":"1 minute"},"schema":{"@context":"https:\/\/schema.org","@graph":[{"@type":"WebPage","@id":"https:\/\/tookphoto.fr\/","url":"https:\/\/tookphoto.fr\/","name":"Accueil - Took! Photo Studio Mobile","isPartOf":{"@id":"https:\/\/tookphoto.fr\/#website"},"primaryImageOfPage":{"@id":"https:\/\/tookphoto.fr\/#primaryimage"},"image":{"@id":"https:\/\/tookphoto.fr\/#primaryimage"},"thumbnailUrl":"https:\/\/tookphoto.fr\/wp-content\/uploads\/2026\/02\/FMG-13-2.jpg","datePublished":"2021-12-21T09:46:38+00:00","dateModified":"2026-03-09T19:34:00+00:00","breadcrumb":{"@id":"https:\/\/tookphoto.fr\/#breadcrumb"},"inLanguage":"fr-FR","potentialAction":[{"@type":"ReadAction","target":["https:\/\/tookphoto.fr\/"]}]},{"@type":"ImageObject","inLanguage":"fr-FR","@id":"https:\/\/tookphoto.fr\/#primaryimage","url":"https:\/\/tookphoto.fr\/wp-content\/uploads\/2026\/02\/FMG-13-2.jpg","contentUrl":"https:\/\/tookphoto.fr\/wp-content\/uploads\/2026\/02\/FMG-13-2.jpg"},{"@type":"BreadcrumbList","@id":"https:\/\/tookphoto.fr\/#breadcrumb","itemListElement":[{"@type":"ListItem","position":1,"name":"Accueil","item":"https:\/\/tookphoto.fr\/"},{"@type":"ListItem","position":2,"name":"Accueil"}]},{"@type":"WebSite","@id":"https:\/\/tookphoto.fr\/#website","url":"https:\/\/tookphoto.fr\/","name":"Took! Photo Studio Mobile","description":"","publisher":{"@id":"https:\/\/tookphoto.fr\/#organization"},"potentialAction":[{"@type":"SearchAction","target":{"@type":"EntryPoint","urlTemplate":"https:\/\/tookphoto.fr\/?s={search_term_string}"},"query-input":{"@type":"PropertyValueSpecification","valueRequired":true,"valueName":"search_term_string"}}],"inLanguage":"fr-FR"},{"@type":"Organization","@id":"https:\/\/tookphoto.fr\/#organization","name":"Took! Photo Studio Mobile","url":"https:\/\/tookphoto.fr\/","logo":{"@type":"ImageObject","inLanguage":"fr-FR","@id":"https:\/\/tookphoto.fr\/#\/schema\/logo\/image\/","url":"https:\/\/tookphoto.fr\/wp-content\/uploads\/2026\/02\/TOOK-logo-banniere-nr.png","contentUrl":"https:\/\/tookphoto.fr\/wp-content\/uploads\/2026\/02\/TOOK-logo-banniere-nr.png","width":694,"height":338,"caption":"Took! Photo Studio Mobile"},"image":{"@id":"https:\/\/tookphoto.fr\/#\/schema\/logo\/image\/"}}]}},"_links":{"self":[{"href":"https:\/\/tookphoto.fr\/index.php?rest_route=\/wp\/v2\/pages\/1643","targetHints":{"allow":["GET"]}}],"collection":[{"href":"https:\/\/tookphoto.fr\/index.php?rest_route=\/wp\/v2\/pages"}],"about":[{"href":"https:\/\/tookphoto.fr\/index.php?rest_route=\/wp\/v2\/types\/page"}],"author":[{"embeddable":true,"href":"https:\/\/tookphoto.fr\/index.php?rest_route=\/wp\/v2\/users\/1"}],"replies":[{"embeddable":true,"href":"https:\/\/tookphoto.fr\/index.php?rest_route=%2Fwp%2Fv2%2Fcomments&post=1643"}],"version-history":[{"count":125,"href":"https:\/\/tookphoto.fr\/index.php?rest_route=\/wp\/v2\/pages\/1643\/revisions"}],"predecessor-version":[{"id":3492,"href":"https:\/\/tookphoto.fr\/index.php?rest_route=\/wp\/v2\/pages\/1643\/revisions\/3492"}],"wp:attachment":[{"href":"https:\/\/tookphoto.fr\/index.php?rest_route=%2Fwp%2Fv2%2Fmedia&parent=1643"}],"curies":[{"name":"wp","href":"https:\/\/api.w.org\/{rel}","templated":true}]}}